{"id":986,"date":"2024-03-09T21:20:51","date_gmt":"2024-03-09T20:20:51","guid":{"rendered":"https:\/\/fundacjaskrzypce.pl\/kurspulawy\/?page_id=986"},"modified":"2024-05-16T08:07:08","modified_gmt":"2024-05-16T06:07:08","slug":"24-07-7-08-2024-en","status":"publish","type":"page","link":"https:\/\/fundacjaskrzypce.pl\/kurspulawy\/24-07-7-08-2024-en\/","title":{"rendered":"24.07-7.08.2024 EN"},"content":{"rendered":"<h2 style=\"text-align: center\"><span style=\"color: #000000\"><strong>9TH International Tadeusz Wro\u0144ski Master Course Pu\u0142awy<\/strong><\/span><\/h2>\n<p style=\"text-align: center\"><strong>Pu\u0142awy, Poland, 24.07-7.08.2024<\/strong><\/p>\n<p style=\"text-align: justify\">Tadeusz Wro\u0144ski Foundation for the VIOLIN and the Prince Adam Czartoryski 1<sup>ST<\/sup>High School in Pu\u0142awy cordially invite you to the 9<sup>TH <\/sup>Tadeusz Wro\u0144ski Master Course in Pu\u0142awy. In this edition, the course will be held in two-week courses, the first on July 24-31, and the second one from 31.07-7.08 2024. The 9<sup>TH<\/sup> International Pu\u0142awy and Violin Competition is planned on August 7-9. We invite instrumentalists of all ages. It is open to primary school students, high school students, students and graduates of music academies from Poland and abroad. The course teachers will be outstanding virtuosos and pedagogue from Poland, England, Germany and Japan. The courses are aimed at young violinists, violists and cellists and double bass players. Like the last Summer this edition also we will have chamber orchestra workshops, led by Mr. Adam Wagner. The main aim of the course is to improve the skills of young adepts in the field of solo and chamber music, preparing them to the public concerts and participations on the Competition. Concerts of students and the 9<sup>TH<\/sup> \u201cMeeting with the Master Festival\u201d, as well as the 9<sup>TH<\/sup> International \u201cPu\u0142awy and Violin\u201d Competition <a href=\"http:\/\/fundacjaskrzypce.pl\/konkurspulawy\/\">http:\/\/fundacjaskrzypce.pl\/konkurspulawy\/<\/a> will be held in the ballroom of the Czartoryski Palace and Romuald Twardowski Music Scholl in Pu\u0142awy. \u00a0\u00a0Join us!<strong>\u00a0 <\/strong><\/p>\n<p style=\"text-align: justify\"><strong> \u00a0 \u00a0<\/strong><\/p>\n<p style=\"text-align: center\"><strong>Select Your language<\/strong><\/p>\n<p style=\"text-align: center\"><a href=\"https:\/\/fundacjaskrzypce.pl\/kurspulawy\/\"><img loading=\"lazy\" decoding=\"async\" class=\"alignnone wp-image-350 size-full\" src=\"https:\/\/fundacjaskrzypce.pl\/konkurspulawy\/wp-content\/uploads\/sites\/6\/2021\/04\/pol-150x100.jpg\" alt=\"\" width=\"150\" height=\"100\" \/><\/a>\u00a0\u00a0 <a href=\"https:\/\/fundacjaskrzypce.pl\/kurspulawy\/24-07-7-08-2024-en\/\"><img loading=\"lazy\" decoding=\"async\" class=\"alignnone wp-image-349 size-full\" src=\"https:\/\/fundacjaskrzypce.pl\/konkurspulawy\/wp-content\/uploads\/sites\/6\/2021\/04\/ang-lg-150x100.jpg\" alt=\"\" width=\"150\" height=\"100\" \/><\/a><\/p>\n<p style=\"text-align: center\"><a href=\"https:\/\/forms.gle\/gD9ALe4fvzoLYYvc7\"><span style=\"color: #0000ff\"><strong>AN APPLICATION FORM &amp;<\/strong><\/span>\u00a0<span style=\"color: #0000ff\"><strong>RULES<\/strong><\/span><\/a><\/p>\n<p style=\"text-align: center\"><strong>TEACHERS:<\/strong><\/p>\n<table cellpadding=\"50\">\n<tbody>\n<tr>\n<td><strong>Term one \u00a0\u2013 25-31.07<\/strong><\/td>\n<td><strong>Term two \u00a0\u2013 31.07-07.08<\/strong><\/td>\n<\/tr>\n<tr>\n<td><a href=\"https:\/\/fundacjaskrzypce.pl\/kurspulawy\/wp-content\/uploads\/sites\/5\/2023\/03\/2023_L_BIA\u0141OSTOCKA_EN.pdf\"><strong>Swiet\u0142ana Bia\u0142ostocka<\/strong><br \/>\n<\/a>Cracow \/violin<\/td>\n<td><a href=\"https:\/\/fundacjaskrzypce.pl\/kurspulawy\/wp-content\/uploads\/sites\/5\/2024\/03\/2024_L_Kurzac-Kotula_EN.pdf\"><strong>Natalia Kurzac-Kotula<\/strong><\/a><br \/>\nKatowice \/cello<\/td>\n<\/tr>\n<tr>\n<td><a href=\"https:\/\/fundacjaskrzypce.pl\/kurspulawy\/wp-content\/uploads\/sites\/5\/2024\/03\/2024_L_Budnik_EN.pdf\"><strong>Katarzyna Budnik<\/strong><\/a><a href=\"https:\/\/fundacjaskrzypce.pl\/kurspulawy\/wp-content\/uploads\/sites\/5\/2023\/03\/2023_L_Budnik_EN.pdf\"><br \/>\n<\/a>Warsaw \/viola<\/td>\n<td><a href=\"https:\/\/fundacjaskrzypce.pl\/kurspulawy\/wp-content\/uploads\/sites\/5\/2024\/03\/2024_L_Mrozek-Loska_EN.pdf\"><strong>El\u017cbieta Mro\u017cek-Loska<\/strong><\/a><br \/>\nKatowice \/viola<\/td>\n<\/tr>\n<tr>\n<td><a href=\"https:\/\/fundacjaskrzypce.pl\/kurspulawy\/wp-content\/uploads\/sites\/5\/2024\/03\/2024_L_Duda_EN.pdf\"><strong>Katarzyna Duda<\/strong><\/a><br \/>\nWarsaw \/violin<\/td>\n<td><a href=\"https:\/\/fundacjaskrzypce.pl\/kurspulawy\/wp-content\/uploads\/sites\/5\/2023\/03\/2023_L_Rashidova_EN_2.pdf\"><strong>Nazrin Rashidowa<\/strong><\/a><a href=\"https:\/\/fundacjaskrzypce.pl\/kurspulawy\/wp-content\/uploads\/sites\/5\/2023\/03\/2023_L_Rashidova_EN.pdf\"><br \/>\n<\/a>London \/ violin<\/td>\n<\/tr>\n<tr>\n<td><a href=\"https:\/\/fundacjaskrzypce.pl\/kurspulawy\/wp-content\/uploads\/sites\/5\/2023\/03\/2023_L_REZLER_EN.pdf\"><strong>Magdalena Rezler<\/strong><br \/>\n<\/a>Freiburg \/violin<\/td>\n<td><a href=\"https:\/\/fundacjaskrzypce.pl\/kurspulawy\/wp-content\/uploads\/sites\/5\/2023\/03\/2023_L_REZLER_EN.pdf\"><strong>Magdalena\u00a0 Rezler<\/strong><br \/>\n<\/a>Freiburg\u00a0\/violin<\/td>\n<\/tr>\n<tr>\n<td><a href=\"https:\/\/fundacjaskrzypce.pl\/kurspulawy\/wp-content\/uploads\/sites\/5\/2023\/03\/2023_L_B\u0141ASZCZYK_EN.pdf\"><strong>\u0141ukasz\u00a0B\u0142aszczyk<\/strong><br \/>\n<\/a>Lodz \/violin<\/td>\n<td><a href=\"https:\/\/fundacjaskrzypce.pl\/kurspulawy\/wp-content\/uploads\/sites\/5\/2023\/03\/2023_L_KOTULA_EN.pdf\"><strong>Jan Kotula<\/strong><\/a><br \/>\nKatowice \/contrabass<\/td>\n<\/tr>\n<tr>\n<td><a href=\"https:\/\/fundacjaskrzypce.pl\/kurspulawy\/wp-content\/uploads\/sites\/5\/2024\/03\/2024_L_DANOWICZ_EN.pdf\"><b>Christain Danowicz<\/b><\/a><br \/>\nWarsaw \/violin<\/td>\n<td>\u00a0<a href=\"https:\/\/fundacjaskrzypce.pl\/kurspulawy\/wp-content\/uploads\/sites\/5\/2023\/03\/2023_L_KULKA_EN.pdf\"><strong>Konstanty Andrzej Kulka<\/strong><br \/>\n<\/a>Warsaw, Gdansk\/violin<\/td>\n<\/tr>\n<tr>\n<td><a href=\"https:\/\/fundacjaskrzypce.pl\/kurspulawy\/wp-content\/uploads\/sites\/5\/2024\/03\/2024_L_Radzinski_EN.pdf\"><strong>Pawe\u0142 Radzi\u0144ski<\/strong><\/a><br \/>\nBydgoszcz \/violin<\/td>\n<td><a href=\"https:\/\/fundacjaskrzypce.pl\/kurspulawy\/wp-content\/uploads\/sites\/5\/2024\/03\/2024_L_KWASNY_EN.pdf\"><b>Wies\u0142aw Kwa\u015bny<\/b><\/a><br \/>\nCracow \/violin<\/td>\n<\/tr>\n<tr>\n<td><a href=\"https:\/\/fundacjaskrzypce.pl\/kurspulawy\/wp-content\/uploads\/sites\/5\/2024\/03\/2024_L_Strahl_EN.pdf\"><strong>Tomasz Strahl<\/strong><\/a><br \/>\nWarsaw \/cello<\/td>\n<td><a href=\"https:\/\/fundacjaskrzypce.pl\/kurspulawy\/wp-content\/uploads\/sites\/5\/2023\/03\/2023_L_Patyra_EN.pdf\"><strong>Mariusz Patyra<\/strong><br \/>\n<\/a>Hannover, Bydgoszcz \/violin<\/td>\n<\/tr>\n<tr>\n<td><a href=\"https:\/\/fundacjaskrzypce.pl\/kurspulawy\/wp-content\/uploads\/sites\/5\/2024\/03\/2024_L_Tarcholik_EN.pdf\"><strong>Piotr Tarcholik<\/strong><\/a><br \/>\nCracow \/violin<\/td>\n<td><a href=\"https:\/\/fundacjaskrzypce.pl\/kurspulawy\/wp-content\/uploads\/sites\/5\/2023\/03\/2023_L_TOMASIK_EN.pdf\"><strong>S\u0142awomir Tomasik<\/strong><br \/>\n<\/a>Warsaw \/violin<\/td>\n<\/tr>\n<tr>\n<td><a href=\"https:\/\/fundacjaskrzypce.pl\/kurspulawy\/wp-content\/uploads\/sites\/5\/2023\/03\/2023_L_TOMASIK_EN.pdf\"><strong>S\u0142awomir Tomasik<\/strong><br \/>\n<\/a>Warsaw \/violin<\/td>\n<td><\/td>\n<\/tr>\n<tr>\n<td>\u00a0<a href=\"https:\/\/fundacjaskrzypce.pl\/kurspulawy\/wp-content\/uploads\/sites\/5\/2024\/03\/2024_L_Vaiman_EN.pdf\"><strong>Michael Vaiman<\/strong><\/a><br \/>\nAachen \/violin<\/td>\n<td><\/td>\n<\/tr>\n<tr>\n<td><a href=\"https:\/\/fundacjaskrzypce.pl\/kurspulawy\/wp-content\/uploads\/sites\/5\/2023\/03\/2023_L_WAGNER_EN.pdf\"><strong>Adam Wagner<\/strong><br \/>\n<\/a>Katowice \/violin, string orchestra<\/td>\n<td><\/td>\n<\/tr>\n<\/tbody>\n<\/table>\n<p>&nbsp;<\/p>\n<p style=\"text-align: center\"><strong>PIANIST:<\/strong><\/p>\n<p style=\"text-align: center\"><a href=\"https:\/\/fundacjaskrzypce.pl\/kurspulawy\/wp-content\/uploads\/sites\/5\/2023\/03\/2023_L_Stanienda_EN.pdf\">KRZYSZTOF STANIENDA \u2013 Warszawa<\/a><\/p>\n<p style=\"text-align: center\"><strong>VIOLIN MAKER:\u00a0<\/strong><\/p>\n<p style=\"text-align: center\"><a href=\"https:\/\/fundacjaskrzypce.pl\/kurspulawy\/wp-content\/uploads\/sites\/5\/2023\/03\/2023_L_Rozak_EN.pdf\"><strong>MICHA\u0141 R\u00d3\u017bAK\u00a0<\/strong>\u2013 Koscielisko<\/a><\/p>\n<p style=\"text-align: center\"><strong>KIEROWNICTWO ARTYSTYCZNE:<\/strong><\/p>\n<p style=\"text-align: center\">S\u0141AWOMIR TOMASIK<\/p>\n<p style=\"text-align: center\"><strong>SEKRETARY OF THE CURSE<\/strong><\/p>\n<p style=\"margin: 0cm 0cm 0.0001pt;line-height: 150%;vertical-align: baseline;text-align: center\">DOMINIK MIROS\u0141AW<\/p>\n<p>&nbsp;<\/p>\n<p style=\"text-align: center\"><strong>ORGANIZER:<\/strong><\/p>\n<p style=\"text-align: center\"><strong>Fundacja SKRZYPCE im. Tadeusza Wro\u0144skiego<\/strong><\/p>\n<p style=\"text-align: center\"><strong><br \/>\nCO-ORGANIZER:<br \/>\n<\/strong><\/p>\n<p style=\"text-align: center\"><strong>The Prince Adam Czartoryski 1<sup>st<\/sup>\u00a0 High School in Pu\u0142awy<\/strong><\/p>\n<p style=\"text-align: center\"><strong>\u00a0<\/strong><\/p>\n<p style=\"text-align: center\"><a href=\"https:\/\/fundacjaskrzypce.pl\/kurspulawy\/\">https:\/\/fundacjaskrzypce.pl\/kurspulawy\/<\/a><\/p>\n<p style=\"text-align: center\"><a href=\"https:\/\/fundacjaskrzypce.pl\/konkurspulawy\/\">https:\/\/fundacjaskrzypce.pl\/konkurspulawy\/<\/a><\/p>\n<p style=\"text-align: center\"><a href=\"mailto:wronski.fundacja.skrzypce@gmail.com\">wronski.fundacja.skrzypce@gmail.com<\/a><\/p>\n<p style=\"text-align: center\"><a href=\"http:\/\/www.fundacjaskrzypce.pl\">www.fundacjaskrzypce.pl<\/a><\/p>\n<p style=\"text-align: center\"><strong>Dofinansowano ze \u015brodk\u00f3w Ministra Kultury, Dziedzictwa Narodowego<\/strong>\u200b<\/p>\n<table>\n<tbody>\n<tr>\n<td>\u00a0<a href=\"https:\/\/fundacjaskrzypce.pl\/kurspulawy\/wp-content\/uploads\/sites\/5\/2024\/03\/mkidn.jpg\"><img loading=\"lazy\" decoding=\"async\" class=\"aligncenter wp-image-1005 size-medium\" src=\"https:\/\/fundacjaskrzypce.pl\/kurspulawy\/wp-content\/uploads\/sites\/5\/2024\/03\/mkidn-300x84.jpg\" alt=\"\" width=\"300\" height=\"84\" srcset=\"https:\/\/fundacjaskrzypce.pl\/kurspulawy\/wp-content\/uploads\/sites\/5\/2024\/03\/mkidn-300x84.jpg 300w, https:\/\/fundacjaskrzypce.pl\/kurspulawy\/wp-content\/uploads\/sites\/5\/2024\/03\/mkidn-768x216.jpg 768w, https:\/\/fundacjaskrzypce.pl\/kurspulawy\/wp-content\/uploads\/sites\/5\/2024\/03\/mkidn-1024x288.jpg 1024w, https:\/\/fundacjaskrzypce.pl\/kurspulawy\/wp-content\/uploads\/sites\/5\/2024\/03\/mkidn.jpg 1537w\" sizes=\"(max-width: 300px) 100vw, 300px\" \/><\/a><\/td>\n<td>\u00a0<img loading=\"lazy\" decoding=\"async\" class=\"aligncenter wp-image-575\" src=\"https:\/\/fundacjaskrzypce.pl\/kurspulawy\/wp-content\/uploads\/sites\/5\/2021\/12\/fundacja_skrzypce-300x192.jpg\" alt=\"\" width=\"255\" height=\"163\" srcset=\"https:\/\/fundacjaskrzypce.pl\/kurspulawy\/wp-content\/uploads\/sites\/5\/2021\/12\/fundacja_skrzypce-300x192.jpg 300w, https:\/\/fundacjaskrzypce.pl\/kurspulawy\/wp-content\/uploads\/sites\/5\/2021\/12\/fundacja_skrzypce.jpg 592w\" sizes=\"(max-width: 255px) 100vw, 255px\" \/><\/td>\n<td><a href=\"https:\/\/fundacjaskrzypce.pl\/konkurspulawy\/wp-content\/uploads\/sites\/6\/2021\/12\/herb_powiat.jpg\"><img loading=\"lazy\" decoding=\"async\" class=\"aligncenter wp-image-450\" src=\"https:\/\/fundacjaskrzypce.pl\/konkurspulawy\/wp-content\/uploads\/sites\/6\/2021\/12\/herb_powiat.jpg\" alt=\"\" width=\"112\" height=\"152\" \/><\/a><\/td>\n<\/tr>\n<tr>\n<td>\u00a0<img loading=\"lazy\" decoding=\"async\" class=\"aligncenter size-full wp-image-452\" src=\"https:\/\/fundacjaskrzypce.pl\/konkurspulawy\/wp-content\/uploads\/sites\/6\/2021\/12\/Liceum.png\" alt=\"\" width=\"362\" height=\"167\" \/><\/td>\n<td>\u00a0<a href=\"https:\/\/fundacjaskrzypce.pl\/kurspulawy\/wp-content\/uploads\/sites\/5\/2022\/04\/MR_LOGO.jpg\"><img loading=\"lazy\" decoding=\"async\" class=\"aligncenter wp-image-689\" src=\"https:\/\/fundacjaskrzypce.pl\/kurspulawy\/wp-content\/uploads\/sites\/5\/2022\/04\/MR_LOGO.jpg\" alt=\"\" width=\"150\" height=\"135\" srcset=\"https:\/\/fundacjaskrzypce.pl\/kurspulawy\/wp-content\/uploads\/sites\/5\/2022\/04\/MR_LOGO.jpg 640w, https:\/\/fundacjaskrzypce.pl\/kurspulawy\/wp-content\/uploads\/sites\/5\/2022\/04\/MR_LOGO-300x270.jpg 300w\" sizes=\"(max-width: 150px) 100vw, 150px\" \/><\/a><\/td>\n<td>\u00a0<img loading=\"lazy\" decoding=\"async\" class=\"aligncenter wp-image-663\" src=\"https:\/\/fundacjaskrzypce.pl\/konkurspulawy\/wp-content\/uploads\/sites\/6\/2023\/03\/STOART.jpeg\" alt=\"\" width=\"161\" height=\"150\" \/><\/td>\n<\/tr>\n<tr>\n<td>\u00a0<img loading=\"lazy\" decoding=\"async\" class=\"aligncenter wp-image-665\" src=\"https:\/\/fundacjaskrzypce.pl\/konkurspulawy\/wp-content\/uploads\/sites\/6\/2023\/03\/zaiks.jpg\" alt=\"\" width=\"193\" height=\"100\" \/><\/td>\n<td>\u00a0<a href=\"https:\/\/fundacjaskrzypce.pl\/konkurspulawy\/wp-content\/uploads\/sites\/6\/2023\/03\/to_nasz_region.jpg\"><img loading=\"lazy\" decoding=\"async\" class=\"aligncenter wp-image-664\" src=\"https:\/\/fundacjaskrzypce.pl\/konkurspulawy\/wp-content\/uploads\/sites\/6\/2023\/03\/to_nasz_region.jpg\" alt=\"\" width=\"376\" height=\"150\" \/><\/a><\/td>\n<td>\u00a0<a href=\"https:\/\/fundacjaskrzypce.pl\/konkurspulawy\/wp-content\/uploads\/sites\/6\/2023\/03\/radio_impuls.png\"><img loading=\"lazy\" decoding=\"async\" class=\"aligncenter wp-image-662\" src=\"https:\/\/fundacjaskrzypce.pl\/konkurspulawy\/wp-content\/uploads\/sites\/6\/2023\/03\/radio_impuls.png\" alt=\"\" width=\"228\" height=\"200\" \/><\/a><\/td>\n<\/tr>\n<tr>\n<td><\/td>\n<td><\/td>\n<td><\/td>\n<\/tr>\n<\/tbody>\n<\/table>\n<p style=\"text-align: center\"><strong>LINK do film\u00f3w \u2013 Liceum im. A. Czartoryskiego (lekcje uczestnik\u00f3w)<br \/>\ni Internatu (zakwaterowanie)<\/strong><\/p>\n<p><iframe loading=\"lazy\" title=\"Wiosenna wizyta w murach liceum...\" width=\"1080\" height=\"608\" src=\"https:\/\/www.youtube.com\/embed\/wjLaaqaZAUw?feature=oembed\" frameborder=\"0\" allow=\"accelerometer; autoplay; clipboard-write; encrypted-media; gyroscope; picture-in-picture; web-share\" referrerpolicy=\"strict-origin-when-cross-origin\" allowfullscreen><\/iframe><\/p>\n<p><iframe loading=\"lazy\" title=\"Wiosenna wizyta w budynku internatu...\" width=\"1080\" height=\"608\" src=\"https:\/\/www.youtube.com\/embed\/uQwJfo_OIU4?feature=oembed\" frameborder=\"0\" allow=\"accelerometer; autoplay; clipboard-write; encrypted-media; gyroscope; picture-in-picture; web-share\" referrerpolicy=\"strict-origin-when-cross-origin\" allowfullscreen><\/iframe><\/p>\n","protected":false},"excerpt":{"rendered":"<p>9TH International Tadeusz Wro\u0144ski Master Course Pu\u0142awy Pu\u0142awy, Poland, 24.07-7.08.2024 Tadeusz Wro\u0144ski Foundation for the VIOLIN and the Prince Adam Czartoryski 1STHigh School in Pu\u0142awy cordially invite you to the 9TH Tadeusz Wro\u0144ski Master Course in Pu\u0142awy. In this edition, the course will be held in two-week courses, the first on July 24-31, and the [&hellip;]<\/p>\n","protected":false},"author":8,"featured_media":0,"parent":0,"menu_order":0,"comment_status":"closed","ping_status":"closed","template":"","meta":{"_et_pb_use_builder":"","_et_pb_old_content":"","_et_gb_content_width":"","ngg_post_thumbnail":0,"footnotes":""},"class_list":["post-986","page","type-page","status-publish","hentry"],"_links":{"self":[{"href":"https:\/\/fundacjaskrzypce.pl\/kurspulawy\/wp-json\/wp\/v2\/pages\/986"}],"collection":[{"href":"https:\/\/fundacjaskrzypce.pl\/kurspulawy\/wp-json\/wp\/v2\/pages"}],"about":[{"href":"https:\/\/fundacjaskrzypce.pl\/kurspulawy\/wp-json\/wp\/v2\/types\/page"}],"author":[{"embeddable":true,"href":"https:\/\/fundacjaskrzypce.pl\/kurspulawy\/wp-json\/wp\/v2\/users\/8"}],"replies":[{"embeddable":true,"href":"https:\/\/fundacjaskrzypce.pl\/kurspulawy\/wp-json\/wp\/v2\/comments?post=986"}],"version-history":[{"count":11,"href":"https:\/\/fundacjaskrzypce.pl\/kurspulawy\/wp-json\/wp\/v2\/pages\/986\/revisions"}],"predecessor-version":[{"id":1039,"href":"https:\/\/fundacjaskrzypce.pl\/kurspulawy\/wp-json\/wp\/v2\/pages\/986\/revisions\/1039"}],"wp:attachment":[{"href":"https:\/\/fundacjaskrzypce.pl\/kurspulawy\/wp-json\/wp\/v2\/media?parent=986"}],"curies":[{"name":"wp","href":"https:\/\/api.w.org\/{rel}","templated":true}]}}