{"id":875,"date":"2023-11-19T19:07:20","date_gmt":"2023-11-19T18:07:20","guid":{"rendered":"https:\/\/fundacjaskrzypce.pl\/kurspulawy\/?page_id=875"},"modified":"2023-11-20T10:06:31","modified_gmt":"2023-11-20T09:06:31","slug":"30-01-06-02-2024-en","status":"publish","type":"page","link":"https:\/\/fundacjaskrzypce.pl\/kurspulawy\/30-01-06-02-2024-en\/","title":{"rendered":"30.01 \u2013 06.02. 2024 EN"},"content":{"rendered":"<h2 style=\"text-align: center\"><strong><span style=\"color: #000000\">4<sup>th<\/sup> WINTER PU\u0141AWY AND THE VIOLIN MASTER COURSE IN PU\u0141AWY\u00a0<\/span>\u00a0\u00a0\u00a0\u00a0\u00a0\u00a0\u00a0\u00a0\u00a0 <\/strong><\/h2>\n<p style=\"text-align: justify\">The Tadeusz Wro\u0144ski Foundation for the Violin and Prince Adam Czartoryski High School in Pu\u0142awy cordially welcome participants and visitors of the 4<sup>TH<\/sup> Winter Pu\u0142awy Master Course. The Course will take place on 30.01.- 06.02 2024 in Pu\u0142awy, Poland. Participants of all age groups are welcome: primary and secondary music school level, college and university students and graduates from music education establishments from Poland and abroad. Classes will be taught by outstanding violinists and violist, cellists and flutists from Poland and Germany. The main objective of the Course is to help young violinists perfect their music skills. During the Course the students will play concerts at The Adam Czartoryski\u2019s High School Hall and Pompeian Hal of Starost of Pu\u0142awy. The deadline for applications is January 7, 2024. At the end of the Course, on February 6-7, 2024, will be held The 3<sup>rd<\/sup> International Competition &#8222;Paganini in Pu\u0142awy&#8221;. The Grand Prix of the Competition is a master violin bow made by an excellent Polish bow maker, Ms. Magdalena Sapeta. For more details please see on: <a href=\"https:\/\/fundacjaskrzypce.pl\/konkurspulawy\/\">https:\/\/fundacjaskrzypce.pl\/konkurspulawy\/<\/a><\/p>\n<p style=\"text-align: center\"><strong>Select Your language<\/strong><\/p>\n<p style=\"text-align: center\"><a href=\"https:\/\/fundacjaskrzypce.pl\/kurspulawy\/\"><img loading=\"lazy\" decoding=\"async\" class=\"alignnone wp-image-350 size-full\" src=\"https:\/\/fundacjaskrzypce.pl\/konkurspulawy\/wp-content\/uploads\/sites\/6\/2021\/04\/pol-150x100.jpg\" alt=\"\" width=\"150\" height=\"100\" \/><\/a>\u00a0\u00a0 <a href=\"https:\/\/fundacjaskrzypce.pl\/kurspulawy\/8th-international-tadeusz-wronski-master-course-pulawy\"><img loading=\"lazy\" decoding=\"async\" class=\"alignnone wp-image-349 size-full\" src=\"https:\/\/fundacjaskrzypce.pl\/konkurspulawy\/wp-content\/uploads\/sites\/6\/2021\/04\/ang-lg-150x100.jpg\" alt=\"\" width=\"150\" height=\"100\" \/><\/a><\/p>\n<p style=\"text-align: center\"><a href=\"https:\/\/l.facebook.com\/l.php?u=https%3A%2F%2Fforms.gle%2FbCD9eM1WiG8nVcTj8%3Ffbclid%3DIwAR1pNqGbB75DurIIz9Lr3hE3HJu20izOZfJ328Cao7IhJErFejP1ErFfz6s&amp;h=AT1_VzfpeEWsI27q0b1JAV27ZYqCHp6G9WvG7lpKkkJYgmn2k1ZJ6HUilLDA5iORpmIoYpfXzSk1hPv68tKCBCRWfkPVuEDTSGcJsiAbCXACY3x8lDnUBTuivy70FiwRQ7Lk-Q\"><span style=\"color: #0000ff\"><strong>AN APPLICATION FORM &amp;<\/strong><\/span>\u00a0<span style=\"color: #0000ff\"><strong>RULES<\/strong><\/span><\/a><\/p>\n<p style=\"text-align: center\"><strong>TEACHERS:<\/strong><\/p>\n<p style=\"text-align: center\"><a href=\"https:\/\/fundacjaskrzypce.pl\/kurspulawy\/wp-content\/uploads\/sites\/5\/2023\/03\/2023_L_Duda_EN.pdf\"><strong>Katarzyna Duda<\/strong><\/a>\u00a0Warsaw<\/p>\n<p style=\"text-align: center\"><a href=\"https:\/\/fundacjaskrzypce.pl\/kurspulawy\/wp-content\/uploads\/sites\/5\/2023\/11\/2024_Z_Guzowska_en.pdf\"><strong>Ewa Guzowska<\/strong><\/a>\u00a0 Posen<\/p>\n<p style=\"text-align: center\"><a href=\"https:\/\/fundacjaskrzypce.pl\/kurspulawy\/wp-content\/uploads\/sites\/5\/2023\/03\/2023_L_REZLER_EN.pdf\"><strong>Magdalena\u00a0 Rezler<\/strong><\/a>\u00a0Freiburg<\/p>\n<p style=\"text-align: center\"><a href=\"https:\/\/fundacjaskrzypce.pl\/kurspulawy\/wp-content\/uploads\/sites\/5\/2023\/03\/2023_L_Szczepanowska_EN.pdf\"><strong>Magdalena Szczepanowska<\/strong><\/a>\u00a0Warsaw, Cracow<\/p>\n<p style=\"text-align: center\"><a href=\"https:\/\/fundacjaskrzypce.pl\/kurspulawy\/wp-content\/uploads\/sites\/5\/2023\/03\/2023_L_Jakowicz_EN.pdf\"><strong>Jakub Jakowicz<\/strong><\/a>\u00a0Warsaw, Katowice<\/p>\n<p style=\"text-align: center\"><a href=\"https:\/\/fundacjaskrzypce.pl\/kurspulawy\/wp-content\/uploads\/sites\/5\/2023\/03\/2023_L_Patyra_EN.pdf\"><strong>Mariusz Patyra<\/strong><\/a>\u00a0Hannover, Bydgoszcz<\/p>\n<p style=\"text-align: center\"><a href=\"https:\/\/fundacjaskrzypce.pl\/kurspulawy\/wp-content\/uploads\/sites\/5\/2023\/03\/2023_L_TOMASIK_EN.pdf\"><strong>S\u0142awomir Tomasik<\/strong><\/a>\u00a0Warsaw<\/p>\n<p style=\"text-align: center\"><strong>PIANIST:<\/strong><\/p>\n<p style=\"text-align: center\"><a href=\"https:\/\/fundacjaskrzypce.pl\/kurspulawy\/wp-content\/uploads\/sites\/5\/2023\/03\/2023_L_Stanienda_EN.pdf\">KRZYSZTOF STANIENDA \u2013 Warszawa<\/a><\/p>\n<p style=\"text-align: center\"><strong>KIEROWNICTWO ARTYSTYCZNE:<\/strong><\/p>\n<p style=\"text-align: center\">S\u0141AWOMIR TOMASIK<\/p>\n<p style=\"text-align: center\"><strong>SEKRETARY OF THE CURSE<\/strong><\/p>\n<p style=\"margin: 0cm 0cm 0.0001pt;line-height: 150%;vertical-align: baseline;text-align: center\">DOMINIK MIROS\u0141AW<\/p>\n<p>&nbsp;<\/p>\n<p style=\"text-align: center\"><strong>ORGANIZER:<\/strong><\/p>\n<p style=\"text-align: center\"><strong>Fundacja SKRZYPCE im. Tadeusza Wro\u0144skiego<\/strong><\/p>\n<p style=\"text-align: center\"><strong><br \/>\nCO-ORGANIZER:<br \/>\n<\/strong><\/p>\n<p style=\"text-align: center\"><strong>The Prince Adam Czartoryski 1<sup>st<\/sup>\u00a0 High School in Pu\u0142awy<\/strong><\/p>\n<p style=\"text-align: center\"><strong>\u00a0<\/strong><\/p>\n<p style=\"text-align: center\"><a href=\"https:\/\/fundacjaskrzypce.pl\/kurspulawy\/\">https:\/\/fundacjaskrzypce.pl\/kurspulawy\/<\/a><\/p>\n<p style=\"text-align: center\"><a href=\"https:\/\/fundacjaskrzypce.pl\/konkurspulawy\/\">https:\/\/fundacjaskrzypce.pl\/konkurspulawy\/<\/a><\/p>\n<p style=\"text-align: center\"><a href=\"mailto:wronski.fundacja.skrzypce@gmail.com\">wronski.fundacja.skrzypce@gmail.com<\/a><\/p>\n<p style=\"text-align: center\"><a href=\"http:\/\/www.fundacjaskrzypce.pl\">www.fundacjaskrzypce.pl<\/a><\/p>\n<table>\n<tbody>\n<tr>\n<td>\u00a0<img loading=\"lazy\" decoding=\"async\" class=\"aligncenter wp-image-575\" src=\"https:\/\/fundacjaskrzypce.pl\/kurspulawy\/wp-content\/uploads\/sites\/5\/2021\/12\/fundacja_skrzypce-300x192.jpg\" alt=\"\" width=\"255\" height=\"163\" srcset=\"https:\/\/fundacjaskrzypce.pl\/kurspulawy\/wp-content\/uploads\/sites\/5\/2021\/12\/fundacja_skrzypce-300x192.jpg 300w, https:\/\/fundacjaskrzypce.pl\/kurspulawy\/wp-content\/uploads\/sites\/5\/2021\/12\/fundacja_skrzypce.jpg 592w\" sizes=\"(max-width: 255px) 100vw, 255px\" \/><\/td>\n<td>\u00a0<img loading=\"lazy\" decoding=\"async\" class=\"aligncenter size-full wp-image-452\" src=\"https:\/\/fundacjaskrzypce.pl\/konkurspulawy\/wp-content\/uploads\/sites\/6\/2021\/12\/Liceum.png\" alt=\"\" width=\"362\" height=\"167\" \/><\/td>\n<td><a href=\"https:\/\/fundacjaskrzypce.pl\/konkurspulawy\/wp-content\/uploads\/sites\/6\/2021\/12\/herb_powiat.jpg\"><img loading=\"lazy\" decoding=\"async\" class=\"aligncenter wp-image-450\" src=\"https:\/\/fundacjaskrzypce.pl\/konkurspulawy\/wp-content\/uploads\/sites\/6\/2021\/12\/herb_powiat.jpg\" alt=\"\" width=\"112\" height=\"152\" \/><\/a><\/td>\n<\/tr>\n<\/tbody>\n<\/table>\n<p style=\"text-align: center\"><strong>LINK do film\u00f3w \u2013 Liceum im. A. Czartoryskiego (lekcje uczestnik\u00f3w)<br \/>\ni Internatu (zakwaterowanie)<\/strong><\/p>\n<p><iframe loading=\"lazy\" width=\"1080\" height=\"608\" src=\"https:\/\/www.youtube.com\/embed\/wjLaaqaZAUw?feature=oembed\" frameborder=\"0\" allow=\"accelerometer; autoplay; clipboard-write; encrypted-media; gyroscope; picture-in-picture; web-share\" allowfullscreen title=\"Wiosenna wizyta w murach liceum...\"><\/iframe><\/p>\n<p><iframe loading=\"lazy\" width=\"1080\" height=\"608\" src=\"https:\/\/www.youtube.com\/embed\/uQwJfo_OIU4?feature=oembed\" frameborder=\"0\" allow=\"accelerometer; autoplay; clipboard-write; encrypted-media; gyroscope; picture-in-picture; web-share\" allowfullscreen title=\"Wiosenna wizyta w budynku internatu...\"><\/iframe><\/p>\n","protected":false},"excerpt":{"rendered":"<p>4th WINTER PU\u0141AWY AND THE VIOLIN MASTER COURSE IN PU\u0141AWY\u00a0\u00a0\u00a0\u00a0\u00a0\u00a0\u00a0\u00a0\u00a0\u00a0 The Tadeusz Wro\u0144ski Foundation for the Violin and Prince Adam Czartoryski High School in Pu\u0142awy cordially welcome participants and visitors of the 4TH Winter Pu\u0142awy Master Course. The Course will take place on 30.01.- 06.02 2024 in Pu\u0142awy, Poland. Participants of all age groups are [&hellip;]<\/p>\n","protected":false},"author":8,"featured_media":0,"parent":0,"menu_order":0,"comment_status":"closed","ping_status":"closed","template":"","meta":{"_et_pb_use_builder":"","_et_pb_old_content":"","_et_gb_content_width":"","ngg_post_thumbnail":0,"footnotes":""},"class_list":["post-875","page","type-page","status-publish","hentry"],"_links":{"self":[{"href":"https:\/\/fundacjaskrzypce.pl\/kurspulawy\/wp-json\/wp\/v2\/pages\/875"}],"collection":[{"href":"https:\/\/fundacjaskrzypce.pl\/kurspulawy\/wp-json\/wp\/v2\/pages"}],"about":[{"href":"https:\/\/fundacjaskrzypce.pl\/kurspulawy\/wp-json\/wp\/v2\/types\/page"}],"author":[{"embeddable":true,"href":"https:\/\/fundacjaskrzypce.pl\/kurspulawy\/wp-json\/wp\/v2\/users\/8"}],"replies":[{"embeddable":true,"href":"https:\/\/fundacjaskrzypce.pl\/kurspulawy\/wp-json\/wp\/v2\/comments?post=875"}],"version-history":[{"count":9,"href":"https:\/\/fundacjaskrzypce.pl\/kurspulawy\/wp-json\/wp\/v2\/pages\/875\/revisions"}],"predecessor-version":[{"id":877,"href":"https:\/\/fundacjaskrzypce.pl\/kurspulawy\/wp-json\/wp\/v2\/pages\/875\/revisions\/877"}],"wp:attachment":[{"href":"https:\/\/fundacjaskrzypce.pl\/kurspulawy\/wp-json\/wp\/v2\/media?parent=875"}],"curies":[{"name":"wp","href":"https:\/\/api.w.org\/{rel}","templated":true}]}}