{"id":812,"date":"2023-03-25T21:48:43","date_gmt":"2023-03-25T20:48:43","guid":{"rendered":"https:\/\/fundacjaskrzypce.pl\/kurspulawy\/?page_id=812"},"modified":"2023-07-19T08:16:04","modified_gmt":"2023-07-19T06:16:04","slug":"8th-international-tadeusz-wronski-master-course-pulawy","status":"publish","type":"page","link":"https:\/\/fundacjaskrzypce.pl\/kurspulawy\/8th-international-tadeusz-wronski-master-course-pulawy\/","title":{"rendered":"27.07-10.08.2023"},"content":{"rendered":"<h2 style=\"text-align: center\"><span style=\"color: #000000\"><strong>8TH International Tadeusz Wro\u0144ski Master Course Pu\u0142awy<\/strong><\/span><\/h2>\n<p style=\"text-align: center\"><strong>Pu\u0142awy, Poland, <\/strong><strong>27.07-10.08.2023<\/strong><\/p>\n<p style=\"text-align: justify\">Tadeusz Wro\u0144ski Foundation for the VIOLIN and the Prince Adam Czartoryski 1<sup>ST<\/sup> High School in Pu\u0142awy cordially invite you to the 8<sup>TH<\/sup>Tadeusz Wro\u0144ski Master Course in Pu\u0142awy. In this edition, the course will be held in two-week courses, the first on July 27 &#8211; August 3, and the second one from 3-10 August, 2023. The 8<sup>TH<\/sup> International Pu\u0142awy and Violin Competition is planned on August 10-12. We invite instrumentalists of all ages. It is open to primary school students, high school students, students and graduates of music academies from Poland and abroad. The course teachers will be outstanding virtuosos and pedagogue from Poland, England, Germany and Japan. The courses are aimed at young violinists, violists and cellists and double bass players. From this edition, we are opening chamber orchestra workshops, led by Mr. Adam Wagner. The main aim of the course is to improve the skills of young adepts in the field of solo and chamber music, preparing them to the public concerts and participations on the Competition. Concerts of students and the 8<sup>TH<\/sup> \u201cMeeting with the Master Festival\u201d, as well as the 8<sup>TH<\/sup> International Pu\u0142awy and Violin Competition <a href=\"http:\/\/fundacjaskrzypce.pl\/konkurspulawy\/\">http:\/\/fundacjaskrzypce.pl\/konkurspulawy\/<\/a> will be held in the ballroom of the Czartoryski Palace or the Pompeian Hall of the Starosty in Pu\u0142awy. Join us!<strong>\u00a0 <\/strong><\/p>\n<p style=\"text-align: justify\"><strong> \u00a0 \u00a0<\/strong><\/p>\n<p style=\"text-align: center\"><strong>Select Your language<\/strong><\/p>\n<p style=\"text-align: center\"><a href=\"https:\/\/fundacjaskrzypce.pl\/kurspulawy\/\"><img loading=\"lazy\" decoding=\"async\" class=\"alignnone wp-image-350 size-full\" src=\"https:\/\/fundacjaskrzypce.pl\/konkurspulawy\/wp-content\/uploads\/sites\/6\/2021\/04\/pol-150x100.jpg\" alt=\"\" width=\"150\" height=\"100\" \/><\/a>\u00a0\u00a0 <a href=\"https:\/\/fundacjaskrzypce.pl\/kurspulawy\/8th-international-tadeusz-wronski-master-course-pulawy\"><img loading=\"lazy\" decoding=\"async\" class=\"alignnone wp-image-349 size-full\" src=\"https:\/\/fundacjaskrzypce.pl\/konkurspulawy\/wp-content\/uploads\/sites\/6\/2021\/04\/ang-lg-150x100.jpg\" alt=\"\" width=\"150\" height=\"100\" \/><\/a><\/p>\n<p style=\"text-align: center\"><a href=\"https:\/\/docs.google.com\/forms\/d\/e\/1FAIpQLScw7iG6GzsaKsC-izAhB-akzdM8R8wdXZ7m9CHihm6UfDQ1dQ\/viewform\"><span style=\"color: #0000ff\"><strong>AN APPLICATION FORM &amp;<\/strong><\/span>\u00a0<span style=\"color: #0000ff\"><strong>RULES<\/strong><\/span><\/a><\/p>\n<p style=\"text-align: center\"><strong>TEACHERS:<\/strong><\/p>\n<table cellpadding=\"50\">\n<tbody>\n<tr>\n<td><strong>Term one \u00a0\u2013 27.07-03.08<\/strong><\/td>\n<td><strong>Term two \u00a0\u2013 03-10.08<\/strong><\/td>\n<\/tr>\n<tr>\n<td><a href=\"https:\/\/fundacjaskrzypce.pl\/kurspulawy\/wp-content\/uploads\/sites\/5\/2023\/03\/2023_L_BIA\u0141OSTOCKA_EN.pdf\"><strong>Swiet\u0142ana Bia\u0142ostocka<\/strong><br \/>\n<\/a>Cracow \/violin<\/td>\n<td><a href=\"https:\/\/fundacjaskrzypce.pl\/kurspulawy\/wp-content\/uploads\/sites\/5\/2023\/03\/2023_L_Otani_EN.pdf\"><strong>Reiko Otani<\/strong><br \/>\n<\/a>Osaka, Kyoto\/ violin<\/td>\n<\/tr>\n<tr>\n<td><a href=\"https:\/\/fundacjaskrzypce.pl\/kurspulawy\/wp-content\/uploads\/sites\/5\/2023\/03\/2023_L_Budnik_EN.pdf\"><strong>Katarzyna Budnik<\/strong><br \/>\n<\/a>Warsaw \/viola<\/td>\n<td><a href=\"https:\/\/fundacjaskrzypce.pl\/kurspulawy\/wp-content\/uploads\/sites\/5\/2023\/03\/2023_L_Rashidova_EN_2.pdf\"><strong>Nazrin Rashidowa<\/strong><\/a><a href=\"https:\/\/fundacjaskrzypce.pl\/kurspulawy\/wp-content\/uploads\/sites\/5\/2023\/03\/2023_L_Rashidova_EN.pdf\"><br \/>\n<\/a>London \/ violin<\/td>\n<\/tr>\n<tr>\n<td><a href=\"https:\/\/fundacjaskrzypce.pl\/kurspulawy\/wp-content\/uploads\/sites\/5\/2023\/03\/2023_L_Bojanowicz_EN.pdf\"><strong>Magdalena Bojanowicz<\/strong><br \/>\n<\/a>Koziak, Bydgoszcz \/cello<\/td>\n<td><a href=\"https:\/\/fundacjaskrzypce.pl\/kurspulawy\/wp-content\/uploads\/sites\/5\/2023\/03\/2023_L_REZLER_EN.pdf\"><strong>Magdalena\u00a0 Rezler<\/strong><br \/>\n<\/a>Freiburg\u00a0\/violin<\/td>\n<\/tr>\n<tr>\n<td><a href=\"https:\/\/fundacjaskrzypce.pl\/kurspulawy\/wp-content\/uploads\/sites\/5\/2023\/03\/2023_L_Duda_EN.pdf\"><strong>Katarzyna Duda<\/strong><br \/>\n<\/a>Warsaw \/violin<\/td>\n<td><a href=\"https:\/\/fundacjaskrzypce.pl\/kurspulawy\/wp-content\/uploads\/sites\/5\/2023\/03\/2023_L_Szczepanowska_EN.pdf\"><strong>Magdalena Szczepanowska<\/strong><br \/>\n<\/a>Warsaw, Cracow \/violin<\/td>\n<\/tr>\n<tr>\n<td><a href=\"https:\/\/fundacjaskrzypce.pl\/kurspulawy\/wp-content\/uploads\/sites\/5\/2023\/03\/2023_L_REZLER_EN.pdf\"><strong>Magdalena Rezler<\/strong><br \/>\n<\/a>Freiburg \/violin<\/td>\n<td><a href=\"https:\/\/fundacjaskrzypce.pl\/kurspulawy\/wp-content\/uploads\/sites\/5\/2023\/03\/2023_L_BRY\u0141A_EN.pdf\"><strong>Bartosz Bry\u0142a<\/strong><br \/>\n<\/a>Poznan, Wroclaw \/violin<\/td>\n<\/tr>\n<tr>\n<td><a href=\"https:\/\/fundacjaskrzypce.pl\/kurspulawy\/wp-content\/uploads\/sites\/5\/2023\/03\/2023_L_Szczepanowska_EN.pdf\"><strong>Magdalena Szczepanowska<\/strong><br \/>\n<\/a>Warsaw, Cracow \/violin<\/td>\n<td><a href=\"https:\/\/fundacjaskrzypce.pl\/kurspulawy\/wp-content\/uploads\/sites\/5\/2023\/03\/2023_L_Jakowicz_EN.pdf\"><strong>Jakub Jakowicz<\/strong><br \/>\n<\/a>Warsaw, Katowice \/violin<\/td>\n<\/tr>\n<tr>\n<td><a href=\"https:\/\/fundacjaskrzypce.pl\/kurspulawy\/wp-content\/uploads\/sites\/5\/2023\/03\/2023_L_B\u0141ASZCZYK_EN.pdf\"><strong>\u0141ukasz\u00a0B\u0142aszczyk<\/strong><br \/>\n<\/a>Lodz \/violin<\/td>\n<td><a href=\"https:\/\/fundacjaskrzypce.pl\/kurspulawy\/wp-content\/uploads\/sites\/5\/2023\/03\/2023_L_Krzysztof_Jakowicz_EN.pdf\"><strong>Krzysztof \u00a0Jakowicz<\/strong><br \/>\n<\/a>Warsaw \/violin<\/td>\n<\/tr>\n<tr>\n<td><a href=\"https:\/\/fundacjaskrzypce.pl\/kurspulawy\/wp-content\/uploads\/sites\/5\/2023\/03\/2023_L_KOTULA_EN.pdf\"><strong>Jan Kotula<\/strong><br \/>\n<\/a>Katowice \/ double bass<\/td>\n<td><a href=\"https:\/\/fundacjaskrzypce.pl\/kurspulawy\/wp-content\/uploads\/sites\/5\/2023\/03\/2023_L_KULKA_EN.pdf\"><strong>Konstanty Andrzej Kulka<\/strong><br \/>\n<\/a>Warsaw, Gdansk\/violin<\/td>\n<\/tr>\n<tr>\n<td><a href=\"https:\/\/fundacjaskrzypce.pl\/kurspulawy\/wp-content\/uploads\/sites\/5\/2023\/03\/2023_L_TOMASIK_EN.pdf\"><strong>S\u0142awomir Tomasik<\/strong><br \/>\n<\/a>Warsaw \/violin<\/td>\n<td><a href=\"https:\/\/fundacjaskrzypce.pl\/kurspulawy\/wp-content\/uploads\/sites\/5\/2023\/03\/2023_L_Patyra_EN.pdf\"><strong>Mariusz Patyra<\/strong><br \/>\n<\/a>Hannover, Bydgoszcz \/violin<\/td>\n<\/tr>\n<tr>\n<td>\u00a0<a href=\"https:\/\/fundacjaskrzypce.pl\/kurspulawy\/wp-content\/uploads\/sites\/5\/2023\/03\/2023_L_WAGNER_EN.pdf\"><strong>Adam Wagner<\/strong><br \/>\n<\/a>Katowice \/violin\/orchestra<\/td>\n<td><a href=\"https:\/\/fundacjaskrzypce.pl\/kurspulawy\/wp-content\/uploads\/sites\/5\/2023\/03\/2023_L_TOMASIK_EN.pdf\"><strong>S\u0142awomir Tomasik<\/strong><br \/>\n<\/a>Warsaw \/violin<\/td>\n<\/tr>\n<tr>\n<td>\u00a0<a href=\"https:\/\/fundacjaskrzypce.pl\/kurspulawy\/wp-content\/uploads\/sites\/5\/2023\/03\/2023_L_Donat_EN.pdf\"><strong>Donat Zamiara<\/strong><br \/>\n<\/a>Warsaw, Poznan \/double bass<\/td>\n<td><\/td>\n<\/tr>\n<\/tbody>\n<\/table>\n<p>&nbsp;<\/p>\n<p style=\"text-align: center\"><strong>PIANIST:<\/strong><\/p>\n<p style=\"text-align: center\"><a href=\"https:\/\/fundacjaskrzypce.pl\/kurspulawy\/wp-content\/uploads\/sites\/5\/2023\/03\/2023_L_Stanienda_EN.pdf\">KRZYSZTOF STANIENDA \u2013 Warszawa<\/a><\/p>\n<p style=\"text-align: center\"><strong>VIOLIN MAKER:\u00a0<\/strong><\/p>\n<p style=\"text-align: center\"><a href=\"https:\/\/fundacjaskrzypce.pl\/kurspulawy\/wp-content\/uploads\/sites\/5\/2023\/03\/2023_L_Rozak_EN.pdf\"><strong>MICHA\u0141 R\u00d3\u017bAK\u00a0<\/strong>\u2013 Koscielisko<\/a><\/p>\n<p style=\"text-align: center\"><strong>KIEROWNICTWO ARTYSTYCZNE:<\/strong><\/p>\n<p style=\"text-align: center\">S\u0141AWOMIR TOMASIK<\/p>\n<p style=\"text-align: center\"><strong>SEKRETARY OF THE CURSE<\/strong><\/p>\n<p style=\"margin: 0cm 0cm 0.0001pt;line-height: 150%;vertical-align: baseline;text-align: center\">DOMINIK MIROS\u0141AW<\/p>\n<p>&nbsp;<\/p>\n<p style=\"text-align: center\"><strong>ORGANIZER:<\/strong><\/p>\n<p style=\"text-align: center\"><strong>Fundacja SKRZYPCE im. Tadeusza Wro\u0144skiego<\/strong><\/p>\n<p style=\"text-align: center\"><strong><br \/>\nCO-ORGANIZER:<br \/>\n<\/strong><\/p>\n<p style=\"text-align: center\"><strong>The Prince Adam Czartoryski 1<sup>st<\/sup>\u00a0 High School in Pu\u0142awy<\/strong><\/p>\n<p style=\"text-align: center\"><strong>\u00a0<\/strong><\/p>\n<p style=\"text-align: center\"><a href=\"https:\/\/fundacjaskrzypce.pl\/kurspulawy\/\">https:\/\/fundacjaskrzypce.pl\/kurspulawy\/<\/a><\/p>\n<p style=\"text-align: center\"><a href=\"https:\/\/fundacjaskrzypce.pl\/konkurspulawy\/\">https:\/\/fundacjaskrzypce.pl\/konkurspulawy\/<\/a><\/p>\n<p style=\"text-align: center\"><a href=\"mailto:wronski.fundacja.skrzypce@gmail.com\">wronski.fundacja.skrzypce@gmail.com<\/a><\/p>\n<p style=\"text-align: center\"><a href=\"http:\/\/www.fundacjaskrzypce.pl\">www.fundacjaskrzypce.pl<\/a><\/p>\n<p style=\"text-align: center\"><strong>Dofinansowano ze \u015brodk\u00f3w Ministra Kultury, Dziedzictwa Narodowego<\/strong>\u200b<\/p>\n<table>\n<tbody>\n<tr>\n<td>\u00a0<img loading=\"lazy\" decoding=\"async\" class=\"aligncenter wp-image-661\" src=\"https:\/\/fundacjaskrzypce.pl\/konkurspulawy\/wp-content\/uploads\/sites\/6\/2023\/03\/MKiDN-nowe.png\" alt=\"\" width=\"356\" height=\"100\" \/><\/td>\n<td>\u00a0<img loading=\"lazy\" decoding=\"async\" class=\"aligncenter wp-image-575\" src=\"https:\/\/fundacjaskrzypce.pl\/kurspulawy\/wp-content\/uploads\/sites\/5\/2021\/12\/fundacja_skrzypce-300x192.jpg\" alt=\"\" width=\"255\" height=\"163\" srcset=\"https:\/\/fundacjaskrzypce.pl\/kurspulawy\/wp-content\/uploads\/sites\/5\/2021\/12\/fundacja_skrzypce-300x192.jpg 300w, https:\/\/fundacjaskrzypce.pl\/kurspulawy\/wp-content\/uploads\/sites\/5\/2021\/12\/fundacja_skrzypce.jpg 592w\" sizes=\"(max-width: 255px) 100vw, 255px\" \/><\/td>\n<td><a href=\"https:\/\/fundacjaskrzypce.pl\/konkurspulawy\/wp-content\/uploads\/sites\/6\/2021\/12\/herb_powiat.jpg\"><img loading=\"lazy\" decoding=\"async\" class=\"aligncenter wp-image-450\" src=\"https:\/\/fundacjaskrzypce.pl\/konkurspulawy\/wp-content\/uploads\/sites\/6\/2021\/12\/herb_powiat.jpg\" alt=\"\" width=\"112\" height=\"152\" \/><\/a><\/td>\n<\/tr>\n<tr>\n<td>\u00a0<img loading=\"lazy\" decoding=\"async\" class=\"aligncenter size-full wp-image-452\" src=\"https:\/\/fundacjaskrzypce.pl\/konkurspulawy\/wp-content\/uploads\/sites\/6\/2021\/12\/Liceum.png\" alt=\"\" width=\"362\" height=\"167\" \/><\/td>\n<td>\u00a0<a href=\"https:\/\/fundacjaskrzypce.pl\/kurspulawy\/wp-content\/uploads\/sites\/5\/2022\/04\/MR_LOGO.jpg\"><img loading=\"lazy\" decoding=\"async\" class=\"aligncenter wp-image-689\" src=\"https:\/\/fundacjaskrzypce.pl\/kurspulawy\/wp-content\/uploads\/sites\/5\/2022\/04\/MR_LOGO.jpg\" alt=\"\" width=\"150\" height=\"135\" srcset=\"https:\/\/fundacjaskrzypce.pl\/kurspulawy\/wp-content\/uploads\/sites\/5\/2022\/04\/MR_LOGO.jpg 640w, https:\/\/fundacjaskrzypce.pl\/kurspulawy\/wp-content\/uploads\/sites\/5\/2022\/04\/MR_LOGO-300x270.jpg 300w\" sizes=\"(max-width: 150px) 100vw, 150px\" \/><\/a><\/td>\n<td>\u00a0<a href=\"https:\/\/fundacjaskrzypce.pl\/kurspulawy\/wp-content\/uploads\/sites\/5\/2022\/04\/iung.jpg\"><img loading=\"lazy\" decoding=\"async\" class=\"aligncenter size-medium wp-image-650\" src=\"https:\/\/fundacjaskrzypce.pl\/kurspulawy\/wp-content\/uploads\/sites\/5\/2022\/04\/iung-300x64.jpg\" alt=\"\" width=\"300\" height=\"64\" srcset=\"https:\/\/fundacjaskrzypce.pl\/kurspulawy\/wp-content\/uploads\/sites\/5\/2022\/04\/iung-300x64.jpg 300w, https:\/\/fundacjaskrzypce.pl\/kurspulawy\/wp-content\/uploads\/sites\/5\/2022\/04\/iung.jpg 414w\" sizes=\"(max-width: 300px) 100vw, 300px\" \/><\/a><\/td>\n<\/tr>\n<tr>\n<td>\u00a0<a href=\"https:\/\/fundacjaskrzypce.pl\/konkurspulawy\/wp-content\/uploads\/sites\/6\/2023\/03\/klasyk.png\"><img loading=\"lazy\" decoding=\"async\" class=\"aligncenter wp-image-660\" src=\"https:\/\/fundacjaskrzypce.pl\/konkurspulawy\/wp-content\/uploads\/sites\/6\/2023\/03\/klasyk.png\" alt=\"\" width=\"284\" height=\"150\" \/><\/a><\/td>\n<td>\u00a0<a href=\"https:\/\/fundacjaskrzypce.pl\/konkurspulawy\/wp-content\/uploads\/sites\/6\/2023\/03\/to_nasz_region.jpg\"><img loading=\"lazy\" decoding=\"async\" class=\"aligncenter wp-image-664\" src=\"https:\/\/fundacjaskrzypce.pl\/konkurspulawy\/wp-content\/uploads\/sites\/6\/2023\/03\/to_nasz_region.jpg\" alt=\"\" width=\"376\" height=\"150\" \/><\/a><\/td>\n<td>\u00a0<a href=\"https:\/\/fundacjaskrzypce.pl\/konkurspulawy\/wp-content\/uploads\/sites\/6\/2023\/03\/radio_impuls.png\"><img loading=\"lazy\" decoding=\"async\" class=\"aligncenter wp-image-662\" src=\"https:\/\/fundacjaskrzypce.pl\/konkurspulawy\/wp-content\/uploads\/sites\/6\/2023\/03\/radio_impuls.png\" alt=\"\" width=\"228\" height=\"200\" \/><\/a><\/td>\n<\/tr>\n<tr>\n<td>\u00a0<a href=\"https:\/\/fundacjaskrzypce.pl\/konkurspulawy\/wp-content\/uploads\/sites\/6\/2023\/03\/Zamo\u015b\u0107.png\"><img loading=\"lazy\" decoding=\"async\" class=\"aligncenter size-full wp-image-666\" src=\"https:\/\/fundacjaskrzypce.pl\/konkurspulawy\/wp-content\/uploads\/sites\/6\/2023\/03\/Zamo\u015b\u0107.png\" alt=\"\" width=\"325\" height=\"155\" \/><\/a><\/td>\n<td>\u00a0<a href=\"https:\/\/fundacjaskrzypce.pl\/konkurspulawy\/wp-content\/uploads\/sites\/6\/2023\/03\/zaiks.jpg\"><img loading=\"lazy\" decoding=\"async\" class=\"aligncenter wp-image-665\" src=\"https:\/\/fundacjaskrzypce.pl\/konkurspulawy\/wp-content\/uploads\/sites\/6\/2023\/03\/zaiks.jpg\" alt=\"\" width=\"193\" height=\"100\" \/><\/a><\/td>\n<td>\u00a0<a href=\"https:\/\/fundacjaskrzypce.pl\/konkurspulawy\/wp-content\/uploads\/sites\/6\/2023\/03\/STOART.jpeg\"><img loading=\"lazy\" decoding=\"async\" class=\"aligncenter wp-image-663\" src=\"https:\/\/fundacjaskrzypce.pl\/konkurspulawy\/wp-content\/uploads\/sites\/6\/2023\/03\/STOART.jpeg\" alt=\"\" width=\"161\" height=\"150\" \/><\/a><\/td>\n<\/tr>\n<\/tbody>\n<\/table>\n<p style=\"text-align: center\"><strong>POPRZEDNI KURS &#8211; LATO 2022<\/strong><\/p>\n<p style=\"text-align: center\"><a href=\"https:\/\/fundacjaskrzypce.pl\/kurspulawy\/wp-content\/uploads\/sites\/5\/2022\/11\/plakat_fundusz_celowy_420x297_Pulawy.jpg\"><img loading=\"lazy\" decoding=\"async\" class=\"aligncenter size-full wp-image-757\" src=\"https:\/\/fundacjaskrzypce.pl\/kurspulawy\/wp-content\/uploads\/sites\/5\/2022\/11\/plakat_fundusz_celowy_420x297_Pulawy.jpg\" alt=\"\" width=\"753\" height=\"1074\" srcset=\"https:\/\/fundacjaskrzypce.pl\/kurspulawy\/wp-content\/uploads\/sites\/5\/2022\/11\/plakat_fundusz_celowy_420x297_Pulawy.jpg 753w, https:\/\/fundacjaskrzypce.pl\/kurspulawy\/wp-content\/uploads\/sites\/5\/2022\/11\/plakat_fundusz_celowy_420x297_Pulawy-210x300.jpg 210w, https:\/\/fundacjaskrzypce.pl\/kurspulawy\/wp-content\/uploads\/sites\/5\/2022\/11\/plakat_fundusz_celowy_420x297_Pulawy-718x1024.jpg 718w\" sizes=\"(max-width: 753px) 100vw, 753px\" \/><\/a><\/p>\n<p style=\"text-align: center\"><a href=\"https:\/\/fundacjaskrzypce.pl\/kurspulawy\/wp-content\/uploads\/sites\/5\/2022\/11\/informacyjny2022.jpg\"><img loading=\"lazy\" decoding=\"async\" class=\"aligncenter size-full wp-image-752\" src=\"https:\/\/fundacjaskrzypce.pl\/kurspulawy\/wp-content\/uploads\/sites\/5\/2022\/11\/informacyjny2022.jpg\" alt=\"\" width=\"1523\" height=\"1070\" srcset=\"https:\/\/fundacjaskrzypce.pl\/kurspulawy\/wp-content\/uploads\/sites\/5\/2022\/11\/informacyjny2022.jpg 1523w, https:\/\/fundacjaskrzypce.pl\/kurspulawy\/wp-content\/uploads\/sites\/5\/2022\/11\/informacyjny2022-300x211.jpg 300w, https:\/\/fundacjaskrzypce.pl\/kurspulawy\/wp-content\/uploads\/sites\/5\/2022\/11\/informacyjny2022-768x540.jpg 768w, https:\/\/fundacjaskrzypce.pl\/kurspulawy\/wp-content\/uploads\/sites\/5\/2022\/11\/informacyjny2022-1024x719.jpg 1024w\" sizes=\"(max-width: 1523px) 100vw, 1523px\" \/><\/a><\/p>\n<p style=\"text-align: center\"><a href=\"https:\/\/fundacjaskrzypce.pl\/kurspulawy\/wp-content\/uploads\/sites\/5\/2022\/11\/festiwalowy2022.jpg\"><img loading=\"lazy\" decoding=\"async\" class=\"aligncenter size-full wp-image-751\" src=\"https:\/\/fundacjaskrzypce.pl\/kurspulawy\/wp-content\/uploads\/sites\/5\/2022\/11\/festiwalowy2022.jpg\" alt=\"\" width=\"760\" height=\"1074\" srcset=\"https:\/\/fundacjaskrzypce.pl\/kurspulawy\/wp-content\/uploads\/sites\/5\/2022\/11\/festiwalowy2022.jpg 760w, https:\/\/fundacjaskrzypce.pl\/kurspulawy\/wp-content\/uploads\/sites\/5\/2022\/11\/festiwalowy2022-212x300.jpg 212w, https:\/\/fundacjaskrzypce.pl\/kurspulawy\/wp-content\/uploads\/sites\/5\/2022\/11\/festiwalowy2022-725x1024.jpg 725w\" sizes=\"(max-width: 760px) 100vw, 760px\" \/><\/a><\/p>\n<p style=\"text-align: center\"><a href=\"https:\/\/fundacjaskrzypce.pl\/kurspulawy\/wp-content\/uploads\/sites\/5\/2022\/11\/konkurs2022.jpg\"><img loading=\"lazy\" decoding=\"async\" class=\"aligncenter size-full wp-image-753\" src=\"https:\/\/fundacjaskrzypce.pl\/kurspulawy\/wp-content\/uploads\/sites\/5\/2022\/11\/konkurs2022.jpg\" alt=\"\" width=\"1483\" height=\"1058\" srcset=\"https:\/\/fundacjaskrzypce.pl\/kurspulawy\/wp-content\/uploads\/sites\/5\/2022\/11\/konkurs2022.jpg 1483w, https:\/\/fundacjaskrzypce.pl\/kurspulawy\/wp-content\/uploads\/sites\/5\/2022\/11\/konkurs2022-300x214.jpg 300w, https:\/\/fundacjaskrzypce.pl\/kurspulawy\/wp-content\/uploads\/sites\/5\/2022\/11\/konkurs2022-768x548.jpg 768w, https:\/\/fundacjaskrzypce.pl\/kurspulawy\/wp-content\/uploads\/sites\/5\/2022\/11\/konkurs2022-1024x731.jpg 1024w\" sizes=\"(max-width: 1483px) 100vw, 1483px\" \/><\/a><\/p>\n<p style=\"text-align: center\"><strong>LINK do film\u00f3w \u2013 Liceum im. A. Czartoryskiego (lekcje uczestnik\u00f3w)<br \/>\ni Internatu (zakwaterowanie)<\/strong><\/p>\n<p><iframe loading=\"lazy\" width=\"1080\" height=\"608\" src=\"https:\/\/www.youtube.com\/embed\/wjLaaqaZAUw?feature=oembed\" frameborder=\"0\" allow=\"accelerometer; autoplay; clipboard-write; encrypted-media; gyroscope; picture-in-picture; web-share\" allowfullscreen title=\"Wiosenna wizyta w murach liceum...\"><\/iframe><\/p>\n<p><iframe loading=\"lazy\" width=\"1080\" height=\"608\" src=\"https:\/\/www.youtube.com\/embed\/uQwJfo_OIU4?feature=oembed\" frameborder=\"0\" allow=\"accelerometer; autoplay; clipboard-write; encrypted-media; gyroscope; picture-in-picture; web-share\" allowfullscreen title=\"Wiosenna wizyta w budynku internatu...\"><\/iframe><\/p>\n","protected":false},"excerpt":{"rendered":"<p>8TH International Tadeusz Wro\u0144ski Master Course Pu\u0142awy Pu\u0142awy, Poland, 27.07-10.08.2023 Tadeusz Wro\u0144ski Foundation for the VIOLIN and the Prince Adam Czartoryski 1ST High School in Pu\u0142awy cordially invite you to the 8THTadeusz Wro\u0144ski Master Course in Pu\u0142awy. In this edition, the course will be held in two-week courses, the first on July 27 &#8211; August [&hellip;]<\/p>\n","protected":false},"author":8,"featured_media":0,"parent":0,"menu_order":0,"comment_status":"closed","ping_status":"closed","template":"","meta":{"_et_pb_use_builder":"","_et_pb_old_content":"","_et_gb_content_width":"","ngg_post_thumbnail":0,"footnotes":""},"class_list":["post-812","page","type-page","status-publish","hentry"],"_links":{"self":[{"href":"https:\/\/fundacjaskrzypce.pl\/kurspulawy\/wp-json\/wp\/v2\/pages\/812"}],"collection":[{"href":"https:\/\/fundacjaskrzypce.pl\/kurspulawy\/wp-json\/wp\/v2\/pages"}],"about":[{"href":"https:\/\/fundacjaskrzypce.pl\/kurspulawy\/wp-json\/wp\/v2\/types\/page"}],"author":[{"embeddable":true,"href":"https:\/\/fundacjaskrzypce.pl\/kurspulawy\/wp-json\/wp\/v2\/users\/8"}],"replies":[{"embeddable":true,"href":"https:\/\/fundacjaskrzypce.pl\/kurspulawy\/wp-json\/wp\/v2\/comments?post=812"}],"version-history":[{"count":27,"href":"https:\/\/fundacjaskrzypce.pl\/kurspulawy\/wp-json\/wp\/v2\/pages\/812\/revisions"}],"predecessor-version":[{"id":868,"href":"https:\/\/fundacjaskrzypce.pl\/kurspulawy\/wp-json\/wp\/v2\/pages\/812\/revisions\/868"}],"wp:attachment":[{"href":"https:\/\/fundacjaskrzypce.pl\/kurspulawy\/wp-json\/wp\/v2\/media?parent=812"}],"curies":[{"name":"wp","href":"https:\/\/api.w.org\/{rel}","templated":true}]}}