{"id":714,"date":"2022-11-14T21:54:38","date_gmt":"2022-11-14T20:54:38","guid":{"rendered":"https:\/\/fundacjaskrzypce.pl\/kurspulawy\/?page_id=714"},"modified":"2022-12-06T00:03:58","modified_gmt":"2022-12-05T23:03:58","slug":"3rd-winter-pulawy-and-the-violin-master-course-in-pulawy","status":"publish","type":"page","link":"https:\/\/fundacjaskrzypce.pl\/kurspulawy\/3rd-winter-pulawy-and-the-violin-master-course-in-pulawy\/","title":{"rendered":"3RD WINTER PU\u0141AWY AND THE VIOLIN MASTER COURSE IN PU\u0141AWY"},"content":{"rendered":"<p>14-20.01.2023<\/p>\n<p style=\"text-align: justify\">The Tadeusz Wro\u0144ski Foundation for the Violin and Prince Adam Czartoryski High School in Pu\u0142awy cordially welcome participants and visitors of the 3<sup>rd<\/sup> Winter Pu\u0142awy &amp;Violin Master Course. The Course will take place on January 14-20, 2023 in Pu\u0142awy, Poland. Participants of all age groups are welcome: primary and secondary music school level, college and university students and graduates from music education establishments from Poland and abroad. Classes will be taught by outstanding violinists and violist from Poland and Germany. The main objective of the Course is to help young violinists perfect their music skills. During the Course the students will play concerts at The Adam Czartoryski\u2019s High School Hall and Pompeian Hal of Starost of Pu\u0142awy. At the ending of the Course, 21.-22.01.2023 will be held 2<sup>nd<\/sup>\u00a0 \u201cPaganini in Pu\u0142awy\u201d Violin Competition. Grand Prix of the Competition is a violin master bow made by an outstanding Polish bow maker Mrs. Magdalena Sapeta (Valencia, Cracow). For more information see our Website:\u00a0 <a href=\"https:\/\/fundacjaskrzypce.pl\/konkurspulawy\/\">https:\/\/fundacjaskrzypce.pl\/konkurspulawy\/<\/a><\/p>\n<p style=\"text-align: center\"><strong>Select Your language \/ Wybierz j\u0119zyk<br \/>\n<\/strong><\/p>\n<p style=\"text-align: center\"><a href=\"https:\/\/fundacjaskrzypce.pl\/kurspulawy\/\"><img loading=\"lazy\" decoding=\"async\" class=\"alignnone wp-image-350 size-full\" src=\"https:\/\/fundacjaskrzypce.pl\/konkurspulawy\/wp-content\/uploads\/sites\/6\/2021\/04\/pol-150x100.jpg\" alt=\"\" width=\"150\" height=\"100\" \/><\/a>\u00a0\u00a0 <a href=\"https:\/\/fundacjaskrzypce.pl\/kurspulawy\/?page_id=714&amp;preview=true\"><img loading=\"lazy\" decoding=\"async\" class=\"alignnone wp-image-349 size-full\" src=\"https:\/\/fundacjaskrzypce.pl\/konkurspulawy\/wp-content\/uploads\/sites\/6\/2021\/04\/ang-lg-150x100.jpg\" alt=\"\" width=\"150\" height=\"100\" \/><\/a><\/p>\n<h4 style=\"text-align: center\"><a href=\"https:\/\/fundacjaskrzypce.pl\/kurspulawy\/wp-content\/uploads\/sites\/5\/2022\/11\/Zgloszenie-III-Kurs-Ang-RULES-.pdf\"><span style=\"color: #0000ff\"><strong>RULES&gt;&gt;<\/strong><\/span><\/a><\/h4>\n<h4 style=\"text-align: center\"><strong>TEACHERS:<\/strong><\/h4>\n<p><a href=\"https:\/\/fundacjaskrzypce.pl\/kurspulawy\/wp-content\/uploads\/sites\/5\/2022\/11\/2023_z_Budnik_en.pdf\">KATARZYNA BUDNIK \u2013 Warsaw<\/a><\/p>\n<p><a href=\"https:\/\/fundacjaskrzypce.pl\/kurspulawy\/wp-content\/uploads\/sites\/5\/2022\/11\/2023_z_Duda_en.pdf\">KATARZYNA DUDA \u2013 Warsaw<\/a><\/p>\n<p><a href=\"https:\/\/fundacjaskrzypce.pl\/kurspulawy\/wp-content\/uploads\/sites\/5\/2022\/11\/2023_z_Guzowska_en.pdf\">EWA GUZOWSKA \u2013 Posen<\/a><\/p>\n<p><a href=\"https:\/\/fundacjaskrzypce.pl\/kurspulawy\/wp-content\/uploads\/sites\/5\/2022\/11\/2023_z_REZLER_en.pdf\">MAGDALENA REZLER \u2013 Freiburg<\/a><\/p>\n<p><a href=\"https:\/\/fundacjaskrzypce.pl\/kurspulawy\/wp-content\/uploads\/sites\/5\/2022\/11\/2023_z_Szczepanowska_en.pdf\">MAGDALENA SZCZEPANOWSKA \u2013 Warsaw, Cracow<\/a><\/p>\n<p><a href=\"https:\/\/fundacjaskrzypce.pl\/kurspulawy\/wp-content\/uploads\/sites\/5\/2022\/11\/2023_z_Patyra_en.pdf\">MARIUSZ PATYRA \u2013 Hannover, Bydgoszcz<\/a><\/p>\n<p><a href=\"https:\/\/fundacjaskrzypce.pl\/kurspulawy\/wp-content\/uploads\/sites\/5\/2022\/11\/2023_z_TOMASIK_en.pdf\">S\u0141AWOMIR TOMASIK \u2013 Warszawa<\/a><\/p>\n<p style=\"text-align: center\"><strong>PIANIST:<\/strong><\/p>\n<p style=\"text-align: center\"><a href=\"https:\/\/fundacjaskrzypce.pl\/kurspulawy\/wp-content\/uploads\/sites\/5\/2022\/11\/2023_z_Stanienda_en.pdf\">KRZYSZTOF STANIENDA \u2013 WARSAW<\/a><\/p>\n<p style=\"text-align: center\"><strong>KIEROWNICTWO ARTYSTYCZNE:<\/strong><\/p>\n<p style=\"text-align: center\"><a href=\"https:\/\/fundacjaskrzypce.pl\/kurspulawy\/wp-content\/uploads\/sites\/5\/2022\/11\/2023_z_TOMASIK_en.pdf\">S\u0141AWOMIR TOMASIK<\/a><\/p>\n<p style=\"text-align: center\"><strong>SEKRETARY OF THE CURSE:<\/strong><\/p>\n<p style=\"margin: 0cm 0cm 0.0001pt;line-height: 150%;vertical-align: baseline;text-align: center\">DOMINIK MIROS\u0141AW<\/p>\n<p>&nbsp;<\/p>\n<p style=\"text-align: center\"><strong>ORGANIZER:<\/strong><\/p>\n<p style=\"text-align: center\"><strong>Fundacja SKRZYPCE im. Tadeusza Wro\u0144skiego and<br \/>\nI Liceum Og\u00f3lnokszta\u0142c\u0105ce im. Ksi\u0119cia Adama Czartoryskiego w Pu\u0142awach<\/strong><\/p>\n<p style=\"text-align: center\"><a href=\"https:\/\/fundacjaskrzypce.pl\/kurspulawy\/\">https:\/\/fundacjaskrzypce.pl\/kurspulawy\/<\/a><\/p>\n<p style=\"text-align: center\"><a href=\"https:\/\/fundacjaskrzypce.pl\/konkurspulawy\/\">https:\/\/fundacjaskrzypce.pl\/konkurspulawy\/<\/a><\/p>\n<p style=\"text-align: center\"><a href=\"mailto:wronski.fundacja.skrzypce@gmail.com\">wronski.fundacja.skrzypce@gmail.com<\/a><\/p>\n<p style=\"text-align: center\"><a href=\"http:\/\/www.fundacjaskrzypce.pl\">www.fundacjaskrzypce.pl<\/a><\/p>\n<table>\n<tbody>\n<tr>\n<td><a href=\"https:\/\/fundacjaskrzypce.pl\/kurspulawy\/wp-content\/uploads\/sites\/5\/2021\/12\/fundacja_skrzypce.jpg\"><img loading=\"lazy\" decoding=\"async\" class=\"aligncenter wp-image-575\" src=\"https:\/\/fundacjaskrzypce.pl\/kurspulawy\/wp-content\/uploads\/sites\/5\/2021\/12\/fundacja_skrzypce-300x192.jpg\" alt=\"\" width=\"255\" height=\"163\" srcset=\"https:\/\/fundacjaskrzypce.pl\/kurspulawy\/wp-content\/uploads\/sites\/5\/2021\/12\/fundacja_skrzypce-300x192.jpg 300w, https:\/\/fundacjaskrzypce.pl\/kurspulawy\/wp-content\/uploads\/sites\/5\/2021\/12\/fundacja_skrzypce.jpg 592w\" sizes=\"(max-width: 255px) 100vw, 255px\" \/><\/a><\/td>\n<td><a href=\"https:\/\/fundacjaskrzypce.pl\/kurspulawy\/wp-content\/uploads\/sites\/5\/2021\/12\/herb_powiat.jpg\"><img loading=\"lazy\" decoding=\"async\" class=\"aligncenter wp-image-576\" src=\"https:\/\/fundacjaskrzypce.pl\/kurspulawy\/wp-content\/uploads\/sites\/5\/2021\/12\/herb_powiat-150x150.jpg\" alt=\"\" width=\"120\" height=\"163\" srcset=\"https:\/\/fundacjaskrzypce.pl\/kurspulawy\/wp-content\/uploads\/sites\/5\/2021\/12\/herb_powiat-221x300.jpg 221w, https:\/\/fundacjaskrzypce.pl\/kurspulawy\/wp-content\/uploads\/sites\/5\/2021\/12\/herb_powiat-768x1045.jpg 768w, https:\/\/fundacjaskrzypce.pl\/kurspulawy\/wp-content\/uploads\/sites\/5\/2021\/12\/herb_powiat-753x1024.jpg 753w\" sizes=\"(max-width: 120px) 100vw, 120px\" \/><\/a><\/td>\n<td><a href=\"https:\/\/fundacjaskrzypce.pl\/kurspulawy\/wp-content\/uploads\/sites\/5\/2021\/12\/Liceum.png\"><img loading=\"lazy\" decoding=\"async\" class=\"aligncenter wp-image-578\" src=\"https:\/\/fundacjaskrzypce.pl\/kurspulawy\/wp-content\/uploads\/sites\/5\/2021\/12\/Liceum-150x150.png\" alt=\"\" width=\"150\" height=\"69\" srcset=\"https:\/\/fundacjaskrzypce.pl\/kurspulawy\/wp-content\/uploads\/sites\/5\/2021\/12\/Liceum-300x138.png 300w, https:\/\/fundacjaskrzypce.pl\/kurspulawy\/wp-content\/uploads\/sites\/5\/2021\/12\/Liceum.png 362w\" sizes=\"(max-width: 150px) 100vw, 150px\" \/><\/a><\/td>\n<\/tr>\n<tr>\n<td><\/td>\n<td>\u00a0<a href=\"https:\/\/fundacjaskrzypce.pl\/kurspulawy\/wp-content\/uploads\/sites\/5\/2022\/11\/zaiks_logo_claim_black_rgb_1024px.png\"><img loading=\"lazy\" decoding=\"async\" class=\"aligncenter wp-image-744\" src=\"https:\/\/fundacjaskrzypce.pl\/kurspulawy\/wp-content\/uploads\/sites\/5\/2022\/11\/zaiks_logo_claim_black_rgb_1024px.png\" alt=\"\" width=\"150\" height=\"77\" srcset=\"https:\/\/fundacjaskrzypce.pl\/kurspulawy\/wp-content\/uploads\/sites\/5\/2022\/11\/zaiks_logo_claim_black_rgb_1024px.png 1025w, https:\/\/fundacjaskrzypce.pl\/kurspulawy\/wp-content\/uploads\/sites\/5\/2022\/11\/zaiks_logo_claim_black_rgb_1024px-300x155.png 300w, https:\/\/fundacjaskrzypce.pl\/kurspulawy\/wp-content\/uploads\/sites\/5\/2022\/11\/zaiks_logo_claim_black_rgb_1024px-768x396.png 768w, https:\/\/fundacjaskrzypce.pl\/kurspulawy\/wp-content\/uploads\/sites\/5\/2022\/11\/zaiks_logo_claim_black_rgb_1024px-1024x528.png 1024w\" sizes=\"(max-width: 150px) 100vw, 150px\" \/><\/a><\/td>\n<td><\/td>\n<\/tr>\n<tr>\n<td><\/td>\n<td><\/td>\n<td><\/td>\n<\/tr>\n<\/tbody>\n<\/table>\n<p style=\"text-align: center\"><strong>PRIVIOUS EVENT &#8211; SUMMER 2022<\/strong><\/p>\n<p style=\"text-align: center\"><a href=\"https:\/\/fundacjaskrzypce.pl\/kurspulawy\/wp-content\/uploads\/sites\/5\/2022\/11\/informacyjny2022.jpg\"><img loading=\"lazy\" decoding=\"async\" class=\"aligncenter size-full wp-image-752\" src=\"https:\/\/fundacjaskrzypce.pl\/kurspulawy\/wp-content\/uploads\/sites\/5\/2022\/11\/informacyjny2022.jpg\" alt=\"\" width=\"1523\" height=\"1070\" srcset=\"https:\/\/fundacjaskrzypce.pl\/kurspulawy\/wp-content\/uploads\/sites\/5\/2022\/11\/informacyjny2022.jpg 1523w, https:\/\/fundacjaskrzypce.pl\/kurspulawy\/wp-content\/uploads\/sites\/5\/2022\/11\/informacyjny2022-300x211.jpg 300w, https:\/\/fundacjaskrzypce.pl\/kurspulawy\/wp-content\/uploads\/sites\/5\/2022\/11\/informacyjny2022-768x540.jpg 768w, https:\/\/fundacjaskrzypce.pl\/kurspulawy\/wp-content\/uploads\/sites\/5\/2022\/11\/informacyjny2022-1024x719.jpg 1024w\" sizes=\"(max-width: 1523px) 100vw, 1523px\" \/><\/a><\/p>\n<p style=\"text-align: center\"><a href=\"https:\/\/fundacjaskrzypce.pl\/kurspulawy\/wp-content\/uploads\/sites\/5\/2022\/11\/festiwalowy2022.jpg\"><img loading=\"lazy\" decoding=\"async\" class=\"aligncenter size-full wp-image-751\" src=\"https:\/\/fundacjaskrzypce.pl\/kurspulawy\/wp-content\/uploads\/sites\/5\/2022\/11\/festiwalowy2022.jpg\" alt=\"\" width=\"760\" height=\"1074\" srcset=\"https:\/\/fundacjaskrzypce.pl\/kurspulawy\/wp-content\/uploads\/sites\/5\/2022\/11\/festiwalowy2022.jpg 760w, https:\/\/fundacjaskrzypce.pl\/kurspulawy\/wp-content\/uploads\/sites\/5\/2022\/11\/festiwalowy2022-212x300.jpg 212w, https:\/\/fundacjaskrzypce.pl\/kurspulawy\/wp-content\/uploads\/sites\/5\/2022\/11\/festiwalowy2022-725x1024.jpg 725w\" sizes=\"(max-width: 760px) 100vw, 760px\" \/><\/a><\/p>\n<p style=\"text-align: center\"><a href=\"https:\/\/fundacjaskrzypce.pl\/kurspulawy\/wp-content\/uploads\/sites\/5\/2022\/11\/konkurs2022.jpg\"><img loading=\"lazy\" decoding=\"async\" class=\"aligncenter size-full wp-image-753\" src=\"https:\/\/fundacjaskrzypce.pl\/kurspulawy\/wp-content\/uploads\/sites\/5\/2022\/11\/konkurs2022.jpg\" alt=\"\" width=\"1483\" height=\"1058\" srcset=\"https:\/\/fundacjaskrzypce.pl\/kurspulawy\/wp-content\/uploads\/sites\/5\/2022\/11\/konkurs2022.jpg 1483w, https:\/\/fundacjaskrzypce.pl\/kurspulawy\/wp-content\/uploads\/sites\/5\/2022\/11\/konkurs2022-300x214.jpg 300w, https:\/\/fundacjaskrzypce.pl\/kurspulawy\/wp-content\/uploads\/sites\/5\/2022\/11\/konkurs2022-768x548.jpg 768w, https:\/\/fundacjaskrzypce.pl\/kurspulawy\/wp-content\/uploads\/sites\/5\/2022\/11\/konkurs2022-1024x731.jpg 1024w\" sizes=\"(max-width: 1483px) 100vw, 1483px\" \/><\/a><\/p>\n<p style=\"text-align: center\"><strong>LINK do film\u00f3w \u2013 Liceum im. A. Czartoryskiego (lekcje uczestnik\u00f3w)<br \/>\ni Internatu (zakwaterowanie)<\/strong><\/p>\n<p><iframe loading=\"lazy\" width=\"1080\" height=\"608\" src=\"https:\/\/www.youtube.com\/embed\/wjLaaqaZAUw?feature=oembed\" frameborder=\"0\" allow=\"accelerometer; autoplay; clipboard-write; encrypted-media; gyroscope; picture-in-picture; web-share\" allowfullscreen title=\"Wiosenna wizyta w murach liceum...\"><\/iframe><\/p>\n<p><iframe loading=\"lazy\" width=\"1080\" height=\"608\" src=\"https:\/\/www.youtube.com\/embed\/uQwJfo_OIU4?feature=oembed\" frameborder=\"0\" allow=\"accelerometer; autoplay; clipboard-write; encrypted-media; gyroscope; picture-in-picture; web-share\" allowfullscreen title=\"Wiosenna wizyta w budynku internatu...\"><\/iframe><\/p>\n","protected":false},"excerpt":{"rendered":"<p>14-20.01.2023 The Tadeusz Wro\u0144ski Foundation for the Violin and Prince Adam Czartoryski High School in Pu\u0142awy cordially welcome participants and visitors of the 3rd Winter Pu\u0142awy &amp;Violin Master Course. The Course will take place on January 14-20, 2023 in Pu\u0142awy, Poland. Participants of all age groups are welcome: primary and secondary music school level, college [&hellip;]<\/p>\n","protected":false},"author":8,"featured_media":0,"parent":0,"menu_order":0,"comment_status":"closed","ping_status":"closed","template":"","meta":{"_et_pb_use_builder":"","_et_pb_old_content":"","_et_gb_content_width":"","ngg_post_thumbnail":0,"footnotes":""},"class_list":["post-714","page","type-page","status-publish","hentry"],"_links":{"self":[{"href":"https:\/\/fundacjaskrzypce.pl\/kurspulawy\/wp-json\/wp\/v2\/pages\/714"}],"collection":[{"href":"https:\/\/fundacjaskrzypce.pl\/kurspulawy\/wp-json\/wp\/v2\/pages"}],"about":[{"href":"https:\/\/fundacjaskrzypce.pl\/kurspulawy\/wp-json\/wp\/v2\/types\/page"}],"author":[{"embeddable":true,"href":"https:\/\/fundacjaskrzypce.pl\/kurspulawy\/wp-json\/wp\/v2\/users\/8"}],"replies":[{"embeddable":true,"href":"https:\/\/fundacjaskrzypce.pl\/kurspulawy\/wp-json\/wp\/v2\/comments?post=714"}],"version-history":[{"count":7,"href":"https:\/\/fundacjaskrzypce.pl\/kurspulawy\/wp-json\/wp\/v2\/pages\/714\/revisions"}],"predecessor-version":[{"id":756,"href":"https:\/\/fundacjaskrzypce.pl\/kurspulawy\/wp-json\/wp\/v2\/pages\/714\/revisions\/756"}],"wp:attachment":[{"href":"https:\/\/fundacjaskrzypce.pl\/kurspulawy\/wp-json\/wp\/v2\/media?parent=714"}],"curies":[{"name":"wp","href":"https:\/\/api.w.org\/{rel}","templated":true}]}}