{"id":653,"date":"2022-04-16T09:26:07","date_gmt":"2022-04-16T07:26:07","guid":{"rendered":"https:\/\/fundacjaskrzypce.pl\/kurspulawy\/?page_id=653"},"modified":"2022-07-06T08:17:31","modified_gmt":"2022-07-06T06:17:31","slug":"7th-international-tadeusz-wronski-master-course-in-pulawy-poland","status":"publish","type":"page","link":"https:\/\/fundacjaskrzypce.pl\/kurspulawy\/7th-international-tadeusz-wronski-master-course-in-pulawy-poland\/","title":{"rendered":"7TH International Tadeusz Wro\u0144ski Master Course in Pulawy, Poland"},"content":{"rendered":"<p style=\"text-align: justify\">Tadeusz Wro\u0144ski Foundation for the VIOLIN and the Prince Adam Czartoryski 1rst High School in Pu\u0142awy cordially invite you to the VII Tadeusz Wro\u0144ski Master Course in Pu\u0142awy. In this edition, the course will be held in two-week courses, the first on July 26 &#8211; August 2, and the second one from July 3 to August 9, 2022. The 7th International Pu\u0142awy and Violin Competition is planned on August 9-11. We invite instrumentalists of all ages. It is open to primary school students, high school students, students and graduates of music academies from Poland and abroad. The course teachers will be outstanding virtuosos from Poland, Germany and Israel. The courses are aimed at young violinists, violists and cellists. As every year, there will also be a piano course led by an outstanding pianist &#8211; Dina Yoffe. From this edition, we are opening jazz workshops. They will be led by famous Polish jazzmen W\u0142odek Pawlik and Mateusz Smoczy\u0144ski. The main aim of the course is to improve the skills of young adepts in the field of solo and chamber music. Concerts of students and the 7th \u201cMeeting with the Master Festival\u201d, as well as the 7th International Pu\u0142awy and Violin Competition <a href=\"http:\/\/fundacjaskrzypce.pl\/konkurspulawy\/\">http:\/\/fundacjaskrzypce.pl\/konkurspulawy\/<\/a> will be held in the ballroom of the Czartoryski Palace, in the Chemist&#8217;s House of the POK and the Pompeian Hall of the Starosty in Pu\u0142awy. Join us!<strong><br \/>\n<\/strong><\/p>\n<p style=\"text-align: center\"><strong>Select Your language \/ Wybierz j\u0119zyk<br \/>\n<\/strong><\/p>\n<p style=\"text-align: center\"><a href=\"https:\/\/fundacjaskrzypce.pl\/kurspulawy\/\"><img loading=\"lazy\" decoding=\"async\" class=\"alignnone wp-image-350 size-full\" src=\"https:\/\/fundacjaskrzypce.pl\/konkurspulawy\/wp-content\/uploads\/sites\/6\/2021\/04\/pol-150x100.jpg\" alt=\"\" width=\"150\" height=\"100\" \/><\/a>\u00a0\u00a0 <a href=\"https:\/\/fundacjaskrzypce.pl\/kurspulawy\/2nd-winter-pulawy-and-the-violin-master-course-in-pulawy-14-22-02-2022\/\"><img loading=\"lazy\" decoding=\"async\" class=\"alignnone wp-image-349 size-full\" src=\"https:\/\/fundacjaskrzypce.pl\/konkurspulawy\/wp-content\/uploads\/sites\/6\/2021\/04\/ang-lg-150x100.jpg\" alt=\"\" width=\"150\" height=\"100\" \/><\/a><\/p>\n<h4 style=\"text-align: center\"><a href=\"https:\/\/fundacjaskrzypce.pl\/kurspulawy\/wp-content\/uploads\/sites\/5\/2022\/04\/VII-Kurs-Regulamin-ang.pdf\"><span style=\"color: #0000ff\"><strong>RULES&gt;&gt;<\/strong><\/span><\/a><\/h4>\n<h4 style=\"text-align: center\"><strong>TEACHERS:<\/strong><\/h4>\n<table>\n<tbody>\n<tr>\n<td><strong>Term one\u00a0<u> <\/u> (26.07.- 02.08. 2022)<\/strong><\/td>\n<td><strong>Term two\u00a0<u> <\/u>(03-09.08.2022)<\/strong><\/td>\n<\/tr>\n<tr>\n<td><a href=\"https:\/\/fundacjaskrzypce.pl\/kurspulawy\/wp-content\/uploads\/sites\/5\/2022\/04\/2022_Bialostocka_en.pdf\">Swiet\u0142ana Bia\u0142ostocka \u2013 Cracow<\/a><\/td>\n<td><a href=\"https:\/\/fundacjaskrzypce.pl\/kurspulawy\/wp-content\/uploads\/sites\/5\/2022\/04\/2022_Yoffe_en.pdf\">Dina Yoffe \u2013 Barcelona\/Tel Awiw<\/a><\/td>\n<\/tr>\n<tr>\n<td><a href=\"https:\/\/fundacjaskrzypce.pl\/kurspulawy\/wp-content\/uploads\/sites\/5\/2022\/04\/2022_Budnik_en.pdf\">Katarzyna Budnik \u2013 Warsaw<\/a><\/td>\n<td><a href=\"https:\/\/fundacjaskrzypce.pl\/kurspulawy\/wp-content\/uploads\/sites\/5\/2022\/04\/2022_Rezler_en.pdf\">Magdalena Rezler \u2013 Freiburg<\/a><\/td>\n<\/tr>\n<tr>\n<td><a href=\"https:\/\/fundacjaskrzypce.pl\/kurspulawy\/wp-content\/uploads\/sites\/5\/2022\/04\/2022_Duda_en.pdf\">Katarzyna Duda \u2013 Warsaw<\/a><\/td>\n<td><a href=\"https:\/\/fundacjaskrzypce.pl\/kurspulawy\/wp-content\/uploads\/sites\/5\/2022\/04\/2022_Szymczewska_en.pdf\">Agata Szymczewska \u2013 Warsaw<\/a><\/td>\n<\/tr>\n<tr>\n<td><a href=\"https:\/\/fundacjaskrzypce.pl\/kurspulawy\/wp-content\/uploads\/sites\/5\/2022\/04\/2022_Rezler_en.pdf\">Magdalena Rezler \u2013 Freiburg<\/a><\/td>\n<td><a href=\"https:\/\/fundacjaskrzypce.pl\/kurspulawy\/wp-content\/uploads\/sites\/5\/2022\/04\/2022_Bryla_en.pdf\">Bartosz Bry\u0142a \u2013 Posen, Breclaw<\/a><\/td>\n<\/tr>\n<tr>\n<td><a href=\"https:\/\/fundacjaskrzypce.pl\/kurspulawy\/wp-content\/uploads\/sites\/5\/2022\/04\/2022_Bauer_en.pdf\">Andrzej Bauer\u00a0\u2013 Warsaw<\/a><\/td>\n<td><a href=\"https:\/\/fundacjaskrzypce.pl\/kurspulawy\/wp-content\/uploads\/sites\/5\/2022\/04\/2022_Jakowicz_en.pdf\">Jakub Jakowicz \u2013 Warsaw<\/a><\/td>\n<\/tr>\n<tr>\n<td><a href=\"https:\/\/fundacjaskrzypce.pl\/kurspulawy\/wp-content\/uploads\/sites\/5\/2022\/04\/2022_Blaszczyk_en.pdf\">\u0141ukasz B\u0142aszczyk \u2013 Lodz<\/a><\/td>\n<td><a href=\"https:\/\/fundacjaskrzypce.pl\/kurspulawy\/wp-content\/uploads\/sites\/5\/2022\/04\/2022_Kulka_en.pdf\">Konstanty Andrzej Kulka \u2013 Warsaw<\/a><\/td>\n<\/tr>\n<tr>\n<td><a href=\"https:\/\/fundacjaskrzypce.pl\/kurspulawy\/wp-content\/uploads\/sites\/5\/2022\/04\/2022_Koprowski_en.pdf\">Wojciech Koprowski \u2013 Warsaw<\/a><\/td>\n<td><a href=\"https:\/\/fundacjaskrzypce.pl\/kurspulawy\/wp-content\/uploads\/sites\/5\/2022\/04\/2022_Partyka_en.pdf\">Mariusz Patyra \u2013 Hannover<\/a><\/td>\n<\/tr>\n<tr>\n<td>\u00a0<a href=\"https:\/\/fundacjaskrzypce.pl\/kurspulawy\/wp-content\/uploads\/sites\/5\/2022\/04\/2022_Smoczynski_en.pdf\">Mateusz Smoczy\u0144ski \u2013 Warsaw<\/a><\/td>\n<td><a href=\"https:\/\/fundacjaskrzypce.pl\/kurspulawy\/wp-content\/uploads\/sites\/5\/2022\/04\/2022_Pawlik_en.pdf\">W\u0142odek Pawlik \u2013 Warsaw<\/a><\/td>\n<\/tr>\n<tr>\n<td>\u00a0<a href=\"https:\/\/fundacjaskrzypce.pl\/kurspulawy\/wp-content\/uploads\/sites\/5\/2022\/04\/2022_Tomasik_en.pdf\">S\u0142awomir Tomasik \u2013 Warsaw<\/a><\/td>\n<td><a href=\"https:\/\/fundacjaskrzypce.pl\/kurspulawy\/wp-content\/uploads\/sites\/5\/2022\/04\/2022_Tomasik_en.pdf\">S\u0142awomir Tomasik \u2013 Warsaw<\/a><\/td>\n<\/tr>\n<tr>\n<td><\/td>\n<td><a href=\"https:\/\/fundacjaskrzypce.pl\/kurspulawy\/wp-content\/uploads\/sites\/5\/2022\/04\/2022_Veiman_en.pdf\">Michael Vaiman \u2013 Aachen\/Tel Awiw<\/a><\/td>\n<\/tr>\n<tr>\n<td><\/td>\n<td><a href=\"https:\/\/fundacjaskrzypce.pl\/kurspulawy\/wp-content\/uploads\/sites\/5\/2022\/04\/2022_Wawrowski_en.pdf\">Janusz Wawrowski \u2013 Warsaw<\/a><\/td>\n<\/tr>\n<\/tbody>\n<\/table>\n<p style=\"text-align: center\"><strong>PIANIST:<\/strong><\/p>\n<p style=\"text-align: center\"><a href=\"https:\/\/fundacjaskrzypce.pl\/kurspulawy\/wp-content\/uploads\/sites\/5\/2022\/04\/2022_Stanienda_en.pdf\">KRZYSZTOF STANIENDA \u2013 WARSAW<\/a><\/p>\n<p style=\"text-align: center\"><strong>VIOLIN MAKER:<\/strong><\/p>\n<p style=\"text-align: center\"><a href=\"https:\/\/fundacjaskrzypce.pl\/kurspulawy\/wp-content\/uploads\/sites\/5\/2022\/04\/2022_lutnik_Michal_Rozak-en.pdf\">MICHA\u0141 R\u00d3\u017bAK<\/a><\/p>\n<p style=\"text-align: center\"><strong>KIEROWNICTWO ARTYSTYCZNE:<\/strong><\/p>\n<p style=\"text-align: center\"><a href=\"https:\/\/fundacjaskrzypce.pl\/kurspulawy\/wp-content\/uploads\/sites\/5\/2022\/04\/2022_Tomasik_en.pdf\">S\u0141AWOMIR TOMASIK<\/a><\/p>\n<p style=\"text-align: center\"><strong>SEKRETARY OF THE CURSE:<\/strong><\/p>\n<p style=\"margin: 0cm 0cm 0.0001pt;line-height: 150%;vertical-align: baseline;text-align: center\"><span style=\"font-size: 11.0pt;line-height: 150%\">AGNIESZKA MATRASZEK<\/span><\/p>\n<p>&nbsp;<\/p>\n<p style=\"text-align: center\"><strong>ORGANIZER:<\/strong><\/p>\n<p style=\"text-align: center\"><strong>Fundacja SKRZYPCE im. Tadeusza Wro\u0144skiego<\/strong><\/p>\n<p style=\"text-align: center\"><a href=\"https:\/\/fundacjaskrzypce.pl\/kurspulawy\/\">https:\/\/fundacjaskrzypce.pl\/kurspulawy\/<\/a><\/p>\n<p style=\"text-align: center\"><a href=\"https:\/\/fundacjaskrzypce.pl\/konkurspulawy\/\">https:\/\/fundacjaskrzypce.pl\/konkurspulawy\/<\/a><\/p>\n<p style=\"text-align: center\"><a href=\"mailto:wronski.fundacja.skrzypce@gmail.com\">wronski.fundacja.skrzypce@gmail.com<\/a><\/p>\n<p style=\"text-align: center\"><a href=\"http:\/\/www.fundacjaskrzypce.pl\">www.fundacjaskrzypce.pl<\/a><\/p>\n<p style=\"text-align: center\"><strong>Wsp\u00f3\u0142organizator: I Liceum Og\u00f3lnokszta\u0142c\u0105ce im. Ksi\u0119cia Adama Czartoryskiego w Pu\u0142awach<\/strong><\/p>\n<p style=\"text-align: center\"><strong>Dofinansowano ze \u015brodk\u00f3w Ministra Kultury i Dziedzictwa Narodowego<\/strong><\/p>\n<table>\n<tbody>\n<tr>\n<td><a href=\"https:\/\/fundacjaskrzypce.pl\/kurspulawy\/wp-content\/uploads\/sites\/5\/2022\/04\/MS-logo-1.jpg\"><img loading=\"lazy\" decoding=\"async\" class=\"aligncenter size-full wp-image-648\" src=\"https:\/\/fundacjaskrzypce.pl\/kurspulawy\/wp-content\/uploads\/sites\/5\/2022\/04\/MS-logo-1.jpg\" alt=\"\" width=\"150\" height=\"93\" \/><\/a><\/td>\n<td><a href=\"https:\/\/fundacjaskrzypce.pl\/kurspulawy\/wp-content\/uploads\/sites\/5\/2021\/12\/fundacja_skrzypce.jpg\"><img loading=\"lazy\" decoding=\"async\" class=\"aligncenter wp-image-575\" src=\"https:\/\/fundacjaskrzypce.pl\/kurspulawy\/wp-content\/uploads\/sites\/5\/2021\/12\/fundacja_skrzypce-300x192.jpg\" alt=\"\" width=\"255\" height=\"163\" srcset=\"https:\/\/fundacjaskrzypce.pl\/kurspulawy\/wp-content\/uploads\/sites\/5\/2021\/12\/fundacja_skrzypce-300x192.jpg 300w, https:\/\/fundacjaskrzypce.pl\/kurspulawy\/wp-content\/uploads\/sites\/5\/2021\/12\/fundacja_skrzypce.jpg 592w\" sizes=\"(max-width: 255px) 100vw, 255px\" \/><\/a><\/td>\n<td><a href=\"https:\/\/fundacjaskrzypce.pl\/kurspulawy\/wp-content\/uploads\/sites\/5\/2021\/12\/herb_powiat.jpg\"><img loading=\"lazy\" decoding=\"async\" class=\"aligncenter wp-image-576\" src=\"https:\/\/fundacjaskrzypce.pl\/kurspulawy\/wp-content\/uploads\/sites\/5\/2021\/12\/herb_powiat-150x150.jpg\" alt=\"\" width=\"120\" height=\"163\" srcset=\"https:\/\/fundacjaskrzypce.pl\/kurspulawy\/wp-content\/uploads\/sites\/5\/2021\/12\/herb_powiat-221x300.jpg 221w, https:\/\/fundacjaskrzypce.pl\/kurspulawy\/wp-content\/uploads\/sites\/5\/2021\/12\/herb_powiat-768x1045.jpg 768w, https:\/\/fundacjaskrzypce.pl\/kurspulawy\/wp-content\/uploads\/sites\/5\/2021\/12\/herb_powiat-753x1024.jpg 753w\" sizes=\"(max-width: 120px) 100vw, 120px\" \/><\/a><\/td>\n<\/tr>\n<tr>\n<td><a href=\"https:\/\/fundacjaskrzypce.pl\/kurspulawy\/wp-content\/uploads\/sites\/5\/2021\/12\/Liceum.png\"><img loading=\"lazy\" decoding=\"async\" class=\"aligncenter wp-image-578\" src=\"https:\/\/fundacjaskrzypce.pl\/kurspulawy\/wp-content\/uploads\/sites\/5\/2021\/12\/Liceum-150x150.png\" alt=\"\" width=\"150\" height=\"69\" srcset=\"https:\/\/fundacjaskrzypce.pl\/kurspulawy\/wp-content\/uploads\/sites\/5\/2021\/12\/Liceum-300x138.png 300w, https:\/\/fundacjaskrzypce.pl\/kurspulawy\/wp-content\/uploads\/sites\/5\/2021\/12\/Liceum.png 362w\" sizes=\"(max-width: 150px) 100vw, 150px\" \/><\/a><\/td>\n<td><a href=\"https:\/\/fundacjaskrzypce.pl\/kurspulawy\/wp-content\/uploads\/sites\/5\/2022\/04\/logo-pok-dom-chemika.png\"><img loading=\"lazy\" decoding=\"async\" class=\"aligncenter size-thumbnail wp-image-599\" src=\"https:\/\/fundacjaskrzypce.pl\/kurspulawy\/wp-content\/uploads\/sites\/5\/2022\/04\/logo-pok-dom-chemika-150x150.png\" alt=\"\" width=\"150\" height=\"150\" srcset=\"https:\/\/fundacjaskrzypce.pl\/kurspulawy\/wp-content\/uploads\/sites\/5\/2022\/04\/logo-pok-dom-chemika-150x150.png 150w, https:\/\/fundacjaskrzypce.pl\/kurspulawy\/wp-content\/uploads\/sites\/5\/2022\/04\/logo-pok-dom-chemika-100x100.png 100w\" sizes=\"(max-width: 150px) 100vw, 150px\" \/><\/a><\/td>\n<td><a href=\"https:\/\/fundacjaskrzypce.pl\/kurspulawy\/wp-content\/uploads\/sites\/5\/2022\/04\/iung.jpg\"><img loading=\"lazy\" decoding=\"async\" class=\"aligncenter size-medium wp-image-650\" src=\"https:\/\/fundacjaskrzypce.pl\/kurspulawy\/wp-content\/uploads\/sites\/5\/2022\/04\/iung-300x64.jpg\" alt=\"\" width=\"300\" height=\"64\" srcset=\"https:\/\/fundacjaskrzypce.pl\/kurspulawy\/wp-content\/uploads\/sites\/5\/2022\/04\/iung-300x64.jpg 300w, https:\/\/fundacjaskrzypce.pl\/kurspulawy\/wp-content\/uploads\/sites\/5\/2022\/04\/iung.jpg 414w\" sizes=\"(max-width: 300px) 100vw, 300px\" \/><\/a><\/td>\n<\/tr>\n<tr>\n<td>\u00a0<a href=\"https:\/\/fundacjaskrzypce.pl\/kurspulawy\/wp-content\/uploads\/sites\/5\/2022\/04\/kawai.jpg\"><img loading=\"lazy\" decoding=\"async\" class=\"aligncenter wp-image-694\" src=\"https:\/\/fundacjaskrzypce.pl\/kurspulawy\/wp-content\/uploads\/sites\/5\/2022\/04\/kawai.jpg\" alt=\"\" width=\"150\" height=\"29\" srcset=\"https:\/\/fundacjaskrzypce.pl\/kurspulawy\/wp-content\/uploads\/sites\/5\/2022\/04\/kawai.jpg 1902w, https:\/\/fundacjaskrzypce.pl\/kurspulawy\/wp-content\/uploads\/sites\/5\/2022\/04\/kawai-300x59.jpg 300w, https:\/\/fundacjaskrzypce.pl\/kurspulawy\/wp-content\/uploads\/sites\/5\/2022\/04\/kawai-768x151.jpg 768w, https:\/\/fundacjaskrzypce.pl\/kurspulawy\/wp-content\/uploads\/sites\/5\/2022\/04\/kawai-1024x201.jpg 1024w\" sizes=\"(max-width: 150px) 100vw, 150px\" \/><\/a><\/td>\n<td>\u00a0<a href=\"https:\/\/fundacjaskrzypce.pl\/kurspulawy\/wp-content\/uploads\/sites\/5\/2022\/04\/MR_LOGO.jpg\"><img loading=\"lazy\" decoding=\"async\" class=\"aligncenter wp-image-689\" src=\"https:\/\/fundacjaskrzypce.pl\/kurspulawy\/wp-content\/uploads\/sites\/5\/2022\/04\/MR_LOGO.jpg\" alt=\"\" width=\"150\" height=\"135\" srcset=\"https:\/\/fundacjaskrzypce.pl\/kurspulawy\/wp-content\/uploads\/sites\/5\/2022\/04\/MR_LOGO.jpg 640w, https:\/\/fundacjaskrzypce.pl\/kurspulawy\/wp-content\/uploads\/sites\/5\/2022\/04\/MR_LOGO-300x270.jpg 300w\" sizes=\"(max-width: 150px) 100vw, 150px\" \/><\/a><\/td>\n<td><\/td>\n<\/tr>\n<\/tbody>\n<\/table>\n<p style=\"text-align: center\"><strong>LINK do film\u00f3w \u2013 Liceum im. A. Czartoryskiego (lekcje uczestnik\u00f3w)<br \/>\ni Internatu (zakwaterowanie)<\/strong><\/p>\n<p><iframe loading=\"lazy\" title=\"Wiosenna wizyta w murach liceum...\" width=\"1080\" height=\"608\" src=\"https:\/\/www.youtube.com\/embed\/wjLaaqaZAUw?feature=oembed\" frameborder=\"0\" allow=\"accelerometer; autoplay; clipboard-write; encrypted-media; gyroscope; picture-in-picture; web-share\" referrerpolicy=\"strict-origin-when-cross-origin\" allowfullscreen><\/iframe><\/p>\n<p><iframe loading=\"lazy\" title=\"Wiosenna wizyta w budynku internatu...\" width=\"1080\" height=\"608\" src=\"https:\/\/www.youtube.com\/embed\/uQwJfo_OIU4?feature=oembed\" frameborder=\"0\" allow=\"accelerometer; autoplay; clipboard-write; encrypted-media; gyroscope; picture-in-picture; web-share\" referrerpolicy=\"strict-origin-when-cross-origin\" allowfullscreen><\/iframe><\/p>\n","protected":false},"excerpt":{"rendered":"<p>Tadeusz Wro\u0144ski Foundation for the VIOLIN and the Prince Adam Czartoryski 1rst High School in Pu\u0142awy cordially invite you to the VII Tadeusz Wro\u0144ski Master Course in Pu\u0142awy. In this edition, the course will be held in two-week courses, the first on July 26 &#8211; August 2, and the second one from July 3 to [&hellip;]<\/p>\n","protected":false},"author":8,"featured_media":0,"parent":0,"menu_order":0,"comment_status":"closed","ping_status":"closed","template":"","meta":{"_et_pb_use_builder":"","_et_pb_old_content":"","_et_gb_content_width":"","ngg_post_thumbnail":0,"footnotes":""},"class_list":["post-653","page","type-page","status-publish","hentry"],"_links":{"self":[{"href":"https:\/\/fundacjaskrzypce.pl\/kurspulawy\/wp-json\/wp\/v2\/pages\/653"}],"collection":[{"href":"https:\/\/fundacjaskrzypce.pl\/kurspulawy\/wp-json\/wp\/v2\/pages"}],"about":[{"href":"https:\/\/fundacjaskrzypce.pl\/kurspulawy\/wp-json\/wp\/v2\/types\/page"}],"author":[{"embeddable":true,"href":"https:\/\/fundacjaskrzypce.pl\/kurspulawy\/wp-json\/wp\/v2\/users\/8"}],"replies":[{"embeddable":true,"href":"https:\/\/fundacjaskrzypce.pl\/kurspulawy\/wp-json\/wp\/v2\/comments?post=653"}],"version-history":[{"count":14,"href":"https:\/\/fundacjaskrzypce.pl\/kurspulawy\/wp-json\/wp\/v2\/pages\/653\/revisions"}],"predecessor-version":[{"id":696,"href":"https:\/\/fundacjaskrzypce.pl\/kurspulawy\/wp-json\/wp\/v2\/pages\/653\/revisions\/696"}],"wp:attachment":[{"href":"https:\/\/fundacjaskrzypce.pl\/kurspulawy\/wp-json\/wp\/v2\/media?parent=653"}],"curies":[{"name":"wp","href":"https:\/\/api.w.org\/{rel}","templated":true}]}}