{"id":553,"date":"2021-12-21T21:31:42","date_gmt":"2021-12-21T20:31:42","guid":{"rendered":"https:\/\/fundacjaskrzypce.pl\/kurspulawy\/?page_id=553"},"modified":"2022-02-06T17:06:20","modified_gmt":"2022-02-06T16:06:20","slug":"2nd-winter-pulawy-and-the-violin-master-course-in-pulawy-14-22-02-2022","status":"publish","type":"page","link":"https:\/\/fundacjaskrzypce.pl\/kurspulawy\/2nd-winter-pulawy-and-the-violin-master-course-in-pulawy-14-22-02-2022\/","title":{"rendered":"2ND WINTER PU\u0141AWY AND THE VIOLIN MASTER COURSE IN PU\u0141AWY 14-22.02.2022"},"content":{"rendered":"<p style=\"text-align: justify\">The Tadeusz Wro\u0144ski Foundation for the Violin cordially welcome participants and visitors of the 2<sup>nd<\/sup> Winter Pu\u0142awy &amp;TheViolin Master Course. The Course will take place on February 14-22, 2022 in Pu\u0142awy, Poland. Participants of all age groups are welcome: primary and secondary music school level, college and university students and graduates from music education establishments from Poland and abroad. Classes will be taught by outstanding violinists and violist from Poland and Germany. The main objective of the Course is to help young violinists perfect their music skills. During the Course the students will play concerts at the Concert Hall of The Czartoryskis Palace\u00a0 situated in the beautiful park and at The Adam Czartoryski\u2019s High School Hall. At the ending of the Course, 22.01.2022 is planning 1<sup>st<\/sup> \u201cPaganini in Pu\u0142awy\u201d Violin Competition. Grand Prix of the Competition is a violin master bow. More on page:\u00a0 <a href=\"https:\/\/fundacjaskrzypce.pl\/konkurspulawy\/\">https:\/\/fundacjaskrzypce.pl\/konkurspulawy\/<\/a><\/p>\n<p style=\"text-align: center\"><strong>Wybierz j\u0119zyk \/ Select Your language<\/strong><\/p>\n<p style=\"text-align: center\"><a href=\"https:\/\/fundacjaskrzypce.pl\/kurspulawy\/\"><img loading=\"lazy\" decoding=\"async\" class=\"alignnone wp-image-350 size-full\" src=\"https:\/\/fundacjaskrzypce.pl\/konkurspulawy\/wp-content\/uploads\/sites\/6\/2021\/04\/pol-150x100.jpg\" alt=\"\" width=\"150\" height=\"100\" \/><\/a>\u00a0 \u00a0 \u00a0 \u00a0 \u00a0\u00a0<a href=\"https:\/\/fundacjaskrzypce.pl\/kurspulawy\/2nd-winter-pulawy-and-the-violin-master-course-in-pulawy-14-22-02-2022\/\"><img loading=\"lazy\" decoding=\"async\" class=\"alignnone wp-image-349 size-full\" src=\"https:\/\/fundacjaskrzypce.pl\/konkurspulawy\/wp-content\/uploads\/sites\/6\/2021\/04\/ang-lg-150x100.jpg\" alt=\"\" width=\"150\" height=\"100\" \/><\/a><\/p>\n<h4 style=\"text-align: center\"><a href=\"https:\/\/fundacjaskrzypce.pl\/kurspulawy\/wp-content\/uploads\/sites\/5\/2021\/12\/II-Kurs-ZIMA-RULES-Zg\u0142oszenie-Ang.pdf\"><span style=\"color: #0000ff\"><strong>Rules&gt;&gt;<\/strong><\/span><\/a><\/h4>\n<h4 style=\"text-align: center\"><strong> TEACHERS:<\/strong><\/h4>\n<p style=\"text-align: center\"><a href=\"https:\/\/fundacjaskrzypce.pl\/kurspulawy\/wp-content\/uploads\/sites\/5\/2021\/12\/Budnik-ang.pdf\">KATARZYNA BUDNIK \u2013 Warszawa<\/a><\/p>\n<p style=\"text-align: center\"><a href=\"https:\/\/fundacjaskrzypce.pl\/kurspulawy\/wp-content\/uploads\/sites\/5\/2021\/12\/REZLER-MAGDALENA-ang.pdf\">MAGDALENA REZLER \u2013 Freiburg<\/a><\/p>\n<p style=\"text-align: center\"><a href=\"https:\/\/fundacjaskrzypce.pl\/kurspulawy\/wp-content\/uploads\/sites\/5\/2021\/12\/Szczepanowska-CV-ang.pdf\">MAGDALENA SZCZEPANOWSKA \u2013 Warszawa, Krak\u00f3w<\/a><\/p>\n<p style=\"text-align: center\"><a href=\"https:\/\/fundacjaskrzypce.pl\/kurspulawy\/wp-content\/uploads\/sites\/5\/2021\/12\/Agata-Szymczewska-ang..pdf\">AGATA SZYMCZEWSKA \u2013 Warszawa<\/a><\/p>\n<p style=\"text-align: center\"><a href=\"https:\/\/fundacjaskrzypce.pl\/kurspulawy\/wp-content\/uploads\/sites\/5\/2021\/12\/BRY\u0141A-BARTOSZ-ang.pdf\">BARTOSZ BRY\u0141A \u2013 \u00a0Pozna\u0144, Wroc\u0142aw<\/a><\/p>\n<p style=\"text-align: center\"><a href=\"https:\/\/fundacjaskrzypce.pl\/kurspulawy\/wp-content\/uploads\/sites\/5\/2021\/12\/TOMASIK-S\u0142awomir-ang.pdf\">S\u0141AWOMIR TOMASIK \u2013 Warszawa<\/a><\/p>\n<p style=\"text-align: center\"><a href=\"https:\/\/fundacjaskrzypce.pl\/kurspulawy\/wp-content\/uploads\/sites\/5\/2021\/12\/Wawrowski-Janusz-ang.pdf\">JANUSZ WAWROWSKI \u2013 Warszawa\u00a0<\/a><\/p>\n<p style=\"text-align: center\"><strong>PIANIST:<\/strong><\/p>\n<p style=\"text-align: center\"><a href=\"http:\/\/fundacjaskrzypce.pl\/kursnaleczow\/wp-content\/uploads\/sites\/5\/2016\/05\/KrzysztofStaniendaPOL.docx_.pdf\">KRZYSZTOF STANIENDA \u2013 Warszawa<\/a><\/p>\n<p style=\"text-align: center\"><strong>KIEROWNICTWO ARTYSTYCZNE:<\/strong><\/p>\n<p style=\"text-align: center\"><a href=\"https:\/\/fundacjaskrzypce.pl\/kurspulawy\/wp-content\/uploads\/sites\/5\/2021\/12\/TOMASIK-S\u0142awomir-ang.pdf\">S\u0141AWOMIR TOMASIK<\/a><\/p>\n<p style=\"text-align: center\"><strong>SEKRETARY OF THE CURSE:<\/strong><\/p>\n<p style=\"text-align: center\">AGNIESZKA MATRASZEK<\/p>\n<p style=\"text-align: center\"><strong>ORGANIZATOR:<\/strong><\/p>\n<p style=\"text-align: center\"><strong>Fundacja SKRZYPCE im. Tadeusza Wro\u0144skiego<\/strong><\/p>\n<p style=\"text-align: center\"><a href=\"https:\/\/fundacjaskrzypce.pl\/kurspulawy\/\">https:\/\/fundacjaskrzypce.pl\/kurspulawy\/<\/a><\/p>\n<p style=\"text-align: center\"><a href=\"https:\/\/fundacjaskrzypce.pl\/konkurspulawy\/\">https:\/\/fundacjaskrzypce.pl\/konkurspulawy\/<\/a><\/p>\n<p style=\"text-align: center\"><a href=\"mailto:wronski.fundacja.skrzypce@gmail.com\">wronski.fundacja.skrzypce@gmail.com<\/a><\/p>\n<p style=\"text-align: center\"><a href=\"http:\/\/www.fundacjaskrzypce.pl\">www.fundacjaskrzypce.pl<\/a><\/p>\n<p style=\"text-align: center\"><a href=\"https:\/\/fundacjaskrzypce.pl\/kurspulawy\/wp-content\/uploads\/sites\/5\/2021\/12\/spon2021.png\">&lt;img class=&#8221;alignnone wp-image-532&#8243; <\/a><\/p>\n<table>\n<tbody>\n<tr>\n<td><a href=\"https:\/\/fundacjaskrzypce.pl\/kurspulawy\/wp-content\/uploads\/sites\/5\/2021\/12\/fundacja_skrzypce.jpg\"><img loading=\"lazy\" decoding=\"async\" class=\"aligncenter size-thumbnail wp-image-575\" src=\"https:\/\/fundacjaskrzypce.pl\/kurspulawy\/wp-content\/uploads\/sites\/5\/2021\/12\/fundacja_skrzypce-150x150.jpg\" alt=\"\" width=\"150\" height=\"150\" srcset=\"https:\/\/fundacjaskrzypce.pl\/kurspulawy\/wp-content\/uploads\/sites\/5\/2021\/12\/fundacja_skrzypce-150x150.jpg 150w, https:\/\/fundacjaskrzypce.pl\/kurspulawy\/wp-content\/uploads\/sites\/5\/2021\/12\/fundacja_skrzypce-100x100.jpg 100w\" sizes=\"(max-width: 150px) 100vw, 150px\" \/><\/a><\/td>\n<td><a href=\"https:\/\/fundacjaskrzypce.pl\/kurspulawy\/wp-content\/uploads\/sites\/5\/2021\/12\/herb_powiat.jpg\"><img loading=\"lazy\" decoding=\"async\" class=\"aligncenter wp-image-576\" src=\"https:\/\/fundacjaskrzypce.pl\/kurspulawy\/wp-content\/uploads\/sites\/5\/2021\/12\/herb_powiat-150x150.jpg\" alt=\"\" width=\"120\" height=\"163\" srcset=\"https:\/\/fundacjaskrzypce.pl\/kurspulawy\/wp-content\/uploads\/sites\/5\/2021\/12\/herb_powiat-221x300.jpg 221w, https:\/\/fundacjaskrzypce.pl\/kurspulawy\/wp-content\/uploads\/sites\/5\/2021\/12\/herb_powiat-768x1045.jpg 768w, https:\/\/fundacjaskrzypce.pl\/kurspulawy\/wp-content\/uploads\/sites\/5\/2021\/12\/herb_powiat-753x1024.jpg 753w\" sizes=\"(max-width: 120px) 100vw, 120px\" \/><\/a><\/td>\n<td><a href=\"https:\/\/fundacjaskrzypce.pl\/kurspulawy\/wp-content\/uploads\/sites\/5\/2021\/12\/yamahalogo_ogp.gif\"><img loading=\"lazy\" decoding=\"async\" class=\"aligncenter size-thumbnail wp-image-582\" src=\"https:\/\/fundacjaskrzypce.pl\/kurspulawy\/wp-content\/uploads\/sites\/5\/2021\/12\/yamahalogo_ogp-150x150.gif\" alt=\"\" width=\"150\" height=\"150\" srcset=\"https:\/\/fundacjaskrzypce.pl\/kurspulawy\/wp-content\/uploads\/sites\/5\/2021\/12\/yamahalogo_ogp-150x150.gif 150w, https:\/\/fundacjaskrzypce.pl\/kurspulawy\/wp-content\/uploads\/sites\/5\/2021\/12\/yamahalogo_ogp-300x300.gif 300w, https:\/\/fundacjaskrzypce.pl\/kurspulawy\/wp-content\/uploads\/sites\/5\/2021\/12\/yamahalogo_ogp-768x768.gif 768w, https:\/\/fundacjaskrzypce.pl\/kurspulawy\/wp-content\/uploads\/sites\/5\/2021\/12\/yamahalogo_ogp-1024x1024.gif 1024w, https:\/\/fundacjaskrzypce.pl\/kurspulawy\/wp-content\/uploads\/sites\/5\/2021\/12\/yamahalogo_ogp-100x100.gif 100w\" sizes=\"(max-width: 150px) 100vw, 150px\" \/><\/a><\/td>\n<\/tr>\n<tr>\n<td><a href=\"https:\/\/fundacjaskrzypce.pl\/kurspulawy\/wp-content\/uploads\/sites\/5\/2021\/12\/Liceum.png\"><img loading=\"lazy\" decoding=\"async\" class=\"aligncenter wp-image-578\" src=\"https:\/\/fundacjaskrzypce.pl\/kurspulawy\/wp-content\/uploads\/sites\/5\/2021\/12\/Liceum-150x150.png\" alt=\"\" width=\"150\" height=\"69\" srcset=\"https:\/\/fundacjaskrzypce.pl\/kurspulawy\/wp-content\/uploads\/sites\/5\/2021\/12\/Liceum-300x138.png 300w, https:\/\/fundacjaskrzypce.pl\/kurspulawy\/wp-content\/uploads\/sites\/5\/2021\/12\/Liceum.png 362w\" sizes=\"(max-width: 150px) 100vw, 150px\" \/><\/a><\/td>\n<td><a href=\"https:\/\/fundacjaskrzypce.pl\/kurspulawy\/wp-content\/uploads\/sites\/5\/2021\/12\/Logo-Boesendorfer.jpg\"><img loading=\"lazy\" decoding=\"async\" class=\"aligncenter wp-image-579\" src=\"https:\/\/fundacjaskrzypce.pl\/kurspulawy\/wp-content\/uploads\/sites\/5\/2021\/12\/Logo-Boesendorfer-150x150.jpg\" alt=\"\" width=\"150\" height=\"68\" srcset=\"https:\/\/fundacjaskrzypce.pl\/kurspulawy\/wp-content\/uploads\/sites\/5\/2021\/12\/Logo-Boesendorfer-300x136.jpg 300w, https:\/\/fundacjaskrzypce.pl\/kurspulawy\/wp-content\/uploads\/sites\/5\/2021\/12\/Logo-Boesendorfer.jpg 330w\" sizes=\"(max-width: 150px) 100vw, 150px\" \/><\/a><\/td>\n<td><img loading=\"lazy\" decoding=\"async\" class=\"aligncenter wp-image-580\" src=\"https:\/\/fundacjaskrzypce.pl\/kurspulawy\/wp-content\/uploads\/sites\/5\/2021\/12\/logo-Pasja-150x150.png\" alt=\"\" width=\"150\" height=\"103\" srcset=\"https:\/\/fundacjaskrzypce.pl\/kurspulawy\/wp-content\/uploads\/sites\/5\/2021\/12\/logo-Pasja-300x206.png 300w, https:\/\/fundacjaskrzypce.pl\/kurspulawy\/wp-content\/uploads\/sites\/5\/2021\/12\/logo-Pasja-768x526.png 768w, https:\/\/fundacjaskrzypce.pl\/kurspulawy\/wp-content\/uploads\/sites\/5\/2021\/12\/logo-Pasja.png 1000w\" sizes=\"(max-width: 150px) 100vw, 150px\" \/><\/td>\n<\/tr>\n<tr>\n<td><\/td>\n<td>\u00a0<img loading=\"lazy\" decoding=\"async\" class=\"aligncenter wp-image-581\" src=\"https:\/\/fundacjaskrzypce.pl\/kurspulawy\/wp-content\/uploads\/sites\/5\/2021\/12\/logo_magda-1-150x150.jpg\" alt=\"\" width=\"170\" height=\"45\" srcset=\"https:\/\/fundacjaskrzypce.pl\/kurspulawy\/wp-content\/uploads\/sites\/5\/2021\/12\/logo_magda-1-300x80.jpg 300w, https:\/\/fundacjaskrzypce.pl\/kurspulawy\/wp-content\/uploads\/sites\/5\/2021\/12\/logo_magda-1-768x205.jpg 768w, https:\/\/fundacjaskrzypce.pl\/kurspulawy\/wp-content\/uploads\/sites\/5\/2021\/12\/logo_magda-1-1024x273.jpg 1024w, https:\/\/fundacjaskrzypce.pl\/kurspulawy\/wp-content\/uploads\/sites\/5\/2021\/12\/logo_magda-1.jpg 1109w\" sizes=\"(max-width: 170px) 100vw, 170px\" \/><\/td>\n<td><\/td>\n<\/tr>\n<\/tbody>\n<\/table>\n<p style=\"text-align: center\"><a href=\"https:\/\/fundacjaskrzypce.pl\/kurspulawy\/wp-content\/uploads\/sites\/5\/2021\/12\/plakat_kurs_zima_2022.jpg\"><img loading=\"lazy\" decoding=\"async\" class=\"aligncenter size-large wp-image-586\" src=\"https:\/\/fundacjaskrzypce.pl\/kurspulawy\/wp-content\/uploads\/sites\/5\/2021\/12\/plakat_kurs_zima_2022-724x1024.jpg\" alt=\"\" width=\"525\" height=\"743\" srcset=\"https:\/\/fundacjaskrzypce.pl\/kurspulawy\/wp-content\/uploads\/sites\/5\/2021\/12\/plakat_kurs_zima_2022-724x1024.jpg 724w, https:\/\/fundacjaskrzypce.pl\/kurspulawy\/wp-content\/uploads\/sites\/5\/2021\/12\/plakat_kurs_zima_2022-212x300.jpg 212w, https:\/\/fundacjaskrzypce.pl\/kurspulawy\/wp-content\/uploads\/sites\/5\/2021\/12\/plakat_kurs_zima_2022-768x1086.jpg 768w, https:\/\/fundacjaskrzypce.pl\/kurspulawy\/wp-content\/uploads\/sites\/5\/2021\/12\/plakat_kurs_zima_2022.jpg 1448w\" sizes=\"(max-width: 525px) 100vw, 525px\" \/><\/a><\/p>\n<p style=\"text-align: center\"><strong>Links of the The Czartoryski School (lessons) &amp; the Dormitory (accommodation):<\/strong><\/p>\n<p><iframe loading=\"lazy\" width=\"1080\" height=\"608\" src=\"https:\/\/www.youtube.com\/embed\/wjLaaqaZAUw?start=17&#038;feature=oembed\" frameborder=\"0\" allow=\"accelerometer; autoplay; clipboard-write; encrypted-media; gyroscope; picture-in-picture; web-share\" allowfullscreen title=\"Wiosenna wizyta w murach liceum...\"><\/iframe><\/p>\n<p><iframe loading=\"lazy\" width=\"1080\" height=\"608\" src=\"https:\/\/www.youtube.com\/embed\/uQwJfo_OIU4?feature=oembed\" frameborder=\"0\" allow=\"accelerometer; autoplay; clipboard-write; encrypted-media; gyroscope; picture-in-picture; web-share\" allowfullscreen title=\"Wiosenna wizyta w budynku internatu...\"><\/iframe><\/p>\n<p style=\"text-align: center\"><strong><u>Photo Galery:<\/u><\/strong><\/p>\n","protected":false},"excerpt":{"rendered":"<p>The Tadeusz Wro\u0144ski Foundation for the Violin cordially welcome participants and visitors of the 2nd Winter Pu\u0142awy &amp;TheViolin Master Course. The Course will take place on February 14-22, 2022 in Pu\u0142awy, Poland. Participants of all age groups are welcome: primary and secondary music school level, college and university students and graduates from music education establishments [&hellip;]<\/p>\n","protected":false},"author":8,"featured_media":0,"parent":0,"menu_order":0,"comment_status":"closed","ping_status":"closed","template":"","meta":{"_et_pb_use_builder":"","_et_pb_old_content":"","_et_gb_content_width":"","ngg_post_thumbnail":0,"footnotes":""},"class_list":["post-553","page","type-page","status-publish","hentry"],"_links":{"self":[{"href":"https:\/\/fundacjaskrzypce.pl\/kurspulawy\/wp-json\/wp\/v2\/pages\/553"}],"collection":[{"href":"https:\/\/fundacjaskrzypce.pl\/kurspulawy\/wp-json\/wp\/v2\/pages"}],"about":[{"href":"https:\/\/fundacjaskrzypce.pl\/kurspulawy\/wp-json\/wp\/v2\/types\/page"}],"author":[{"embeddable":true,"href":"https:\/\/fundacjaskrzypce.pl\/kurspulawy\/wp-json\/wp\/v2\/users\/8"}],"replies":[{"embeddable":true,"href":"https:\/\/fundacjaskrzypce.pl\/kurspulawy\/wp-json\/wp\/v2\/comments?post=553"}],"version-history":[{"count":10,"href":"https:\/\/fundacjaskrzypce.pl\/kurspulawy\/wp-json\/wp\/v2\/pages\/553\/revisions"}],"predecessor-version":[{"id":590,"href":"https:\/\/fundacjaskrzypce.pl\/kurspulawy\/wp-json\/wp\/v2\/pages\/553\/revisions\/590"}],"wp:attachment":[{"href":"https:\/\/fundacjaskrzypce.pl\/kurspulawy\/wp-json\/wp\/v2\/media?parent=553"}],"curies":[{"name":"wp","href":"https:\/\/api.w.org\/{rel}","templated":true}]}}