{"id":719,"date":"2024-03-10T21:43:55","date_gmt":"2024-03-10T20:43:55","guid":{"rendered":"https:\/\/fundacjaskrzypce.pl\/konkurspulawy\/?page_id=719"},"modified":"2024-05-27T15:02:51","modified_gmt":"2024-05-27T13:02:51","slug":"2024-en","status":"publish","type":"page","link":"https:\/\/fundacjaskrzypce.pl\/konkurspulawy\/2024-en\/","title":{"rendered":"2024 EN"},"content":{"rendered":"<h2 style=\"text-align: center\"><span style=\"color: #000000\"><strong>9TH\u00a0 INTERNATIONAL <\/strong><\/span><br \/>\n<span style=\"color: #000000\"><strong>PU\u0141AWY &amp; VIOLIN COMPETITION<\/strong><\/span><\/h2>\n<p style=\"text-align: center\"><strong>Koncerty on-line<\/strong><\/p>\n<p style=\"text-align: justify\"><a href=\"https:\/\/www.youtube.com\/channel\/UC1ALKoBbrt5liKsX3r0fNMA\/featured\"><img loading=\"lazy\" decoding=\"async\" class=\"wp-image-405 aligncenter\" src=\"https:\/\/fundacjaskrzypce.pl\/konkurspulawy\/wp-content\/uploads\/sites\/6\/2021\/04\/youtube.jpg\" alt=\"yt\" width=\"167\" height=\"80\" srcset=\"https:\/\/fundacjaskrzypce.pl\/konkurspulawy\/wp-content\/uploads\/sites\/6\/2021\/04\/youtube.jpg 840w, https:\/\/fundacjaskrzypce.pl\/konkurspulawy\/wp-content\/uploads\/sites\/6\/2021\/04\/youtube-300x144.jpg 300w, https:\/\/fundacjaskrzypce.pl\/konkurspulawy\/wp-content\/uploads\/sites\/6\/2021\/04\/youtube-768x368.jpg 768w\" sizes=\"(max-width: 167px) 100vw, 167px\" \/><\/a><\/p>\n<p style=\"text-align: justify\">The Tadeusz Wro\u0144ski Foundation for Violin announces the 9<sup>TH<\/sup> International Pu\u0142awy &amp; Violin Competition, which will be held on August 7-9, 2024 in Pu\u0142awy. The competition is open to violinists of all nationalities. The event will be held in three age categories: group I &#8211; primary school students up to 14 years of age, group II &#8211; school and high school students up to 19 years of age. Group III &#8211; students and graduates. All groups will present their skills during three stages of auditions. A total prize pool is of approx. PLN 25,000, including the Grand Prix of the Competition, which will be a master violin, made especially for this Competition by an outstanding Polish violin maker \u2013 Micha\u0142 R\u00f3\u017cak. The final distribution of all prizes and distinctions will be made by the international jury of the competition chaired by Professor S\u0142awomir Tomasik. The event is combined with the 9<sup>TH<\/sup> International Festival Meeting the Master and the 9<sup>TH<\/sup> International Tadeusz Wro\u0144ski Master Course http:\/\/fundacjaskrzypce.pl\/kurspulawy\/ The jurors will be concerting violinists from Poland and abroad, winners of international violin and phonographic competitions. These virtuosos will also be a lecturers of master classes during the Course. Under their supervision, young adepts from Poland and abroad will be able to prepare for the 9<sup>TH<\/sup> Pu\u0142awy and Violin Competition. Join us!<\/p>\n<p style=\"text-align: center\"><strong>Select Your language<\/strong><\/p>\n<p style=\"text-align: center\"><a href=\"https:\/\/fundacjaskrzypce.pl\/konkurspulawy\/\"><img loading=\"lazy\" decoding=\"async\" class=\"alignnone wp-image-350 size-full\" src=\"https:\/\/fundacjaskrzypce.pl\/konkurspulawy\/wp-content\/uploads\/sites\/6\/2021\/04\/pol-150x100.jpg\" alt=\"\" width=\"150\" height=\"100\" \/><\/a> \u00a0 <a href=\"https:\/\/fundacjaskrzypce.pl\/konkurspulawy\/2024-en\/\"><img loading=\"lazy\" decoding=\"async\" class=\"alignnone wp-image-349 size-full\" src=\"https:\/\/fundacjaskrzypce.pl\/konkurspulawy\/wp-content\/uploads\/sites\/6\/2021\/04\/ang-lg-150x100.jpg\" alt=\"\" width=\"150\" height=\"100\" \/><\/a><\/p>\n<p style=\"text-align: center\"><a href=\"https:\/\/fundacjaskrzypce.pl\/konkurspulawy\/wp-content\/uploads\/sites\/6\/2024\/03\/IX-Konkurs-regulamin-ANG.pdf\"><span style=\"color: #0000ff\"><strong>AN APPLICATION FORM &amp;<\/strong><\/span>\u00a0<span style=\"color: #0000ff\"><strong>RULES<\/strong><\/span><\/a><\/p>\n<p style=\"text-align: center\"><strong>JURY:<\/strong><\/p>\n<p style=\"text-align: center\"><a href=\"https:\/\/fundacjaskrzypce.pl\/konkurspulawy\/wp-content\/uploads\/sites\/6\/2024\/03\/2024_L_Myerscough_EN.pdf\"><span class=\"fontstyle0\">Marliese Myerscough<\/span>\u00a0\u2013 London<\/a><\/p>\n<p style=\"text-align: center\"><a href=\"https:\/\/fundacjaskrzypce.pl\/konkurspulawy\/wp-content\/uploads\/sites\/6\/2023\/03\/2023_L_Rashidova_EN_2.pdf\">Nazrin Rashidova \u2013 London<\/a><\/p>\n<p style=\"text-align: center\"><a href=\"https:\/\/fundacjaskrzypce.pl\/konkurspulawy\/wp-content\/uploads\/sites\/6\/2023\/03\/2023_L_REZLER_EN.pdf\">Magdalena Rezler \u2013 Freiburg<\/a><\/p>\n<p style=\"text-align: center\"><a href=\"https:\/\/fundacjaskrzypce.pl\/konkurspulawy\/wp-content\/uploads\/sites\/6\/2023\/03\/2023_L_Korniszewski_EN.pdf\">Adam Korniszewski \u2013 Brussels<\/a><\/p>\n<p style=\"text-align: center\"><a href=\"https:\/\/fundacjaskrzypce.pl\/konkurspulawy\/wp-content\/uploads\/sites\/6\/2023\/03\/2023_L_KULKA_EN.pdf\">Konstanty Andrzej Kulka \u2013 Warsaw<\/a><\/p>\n<p style=\"text-align: center\"><a href=\"https:\/\/fundacjaskrzypce.pl\/konkurspulawy\/wp-content\/uploads\/sites\/6\/2024\/03\/2023_L_Patyra_EN.pdf\">Mariusz Patyra \u2013 Hannover, Bydgoszcz<\/a><\/p>\n<p style=\"text-align: center\"><a href=\"https:\/\/fundacjaskrzypce.pl\/konkurspulawy\/wp-content\/uploads\/sites\/6\/2023\/03\/2023_L_TOMASIK_EN.pdf\">S\u0142awomir Tomasik \u2013 Warsaw, Chairman of the Jury<\/a><\/p>\n<p style=\"text-align: center;background: white;margin: 0cm 0cm 12.0pt 0cm\" align=\"center\"><b><span style=\"font-size: 13.0pt;font-family: 'Helvetica','sans-serif'\">Pianist:<\/span><\/b><\/p>\n<p style=\"text-align: center;background: white;margin: 0cm 0cm 12.0pt 0cm\" align=\"center\"><span style=\"font-size: 13pt\"><a href=\"https:\/\/fundacjaskrzypce.pl\/konkurspulawy\/wp-content\/uploads\/sites\/6\/2023\/03\/2023_L_Stanienda_EN.pdf\"><span style=\"font-family: Helvetica, 'sans-serif'\">Krzysztof Stanienda \u2013 Warsaw<\/span><\/a><\/span><\/p>\n<p style=\"text-align: center;background: white;margin: 0cm 0cm 12.0pt 0cm\" align=\"center\"><strong><span style=\"font-size: 13.0pt;font-family: 'Helvetica','sans-serif'\">Organizer:<\/span><\/strong><\/p>\n<p style=\"text-align: center\"><strong>Fundacja SKRZYPCE im. Tadeusza Wro\u0144skiego<\/strong><\/p>\n<p style=\"text-align: center\"><a href=\"mailto:wronski.fundacja.skrzypce@gmail.com\">wronski.fundacja.skrzypce@gmail.com<\/a><\/p>\n<p style=\"text-align: center\"><strong>Co-organizer: <\/strong><\/p>\n<p style=\"text-align: center\"><strong>I Liceum Og\u00f3lnokszta\u0142c\u0105ce im. <\/strong><strong>Prince Adam Czartoryski in Pu\u0142awy<br \/>\noraz<br \/>\nPa\u0144stwowa Szko\u0142a Muzyczna I stopnia im. R. Twardowskiego w Pu\u0142awach<br \/>\n<\/strong><\/p>\n<p style=\"text-align: center\"><a href=\"https:\/\/fundacjaskrzypce.pl\/konkurspulawy\/wp-content\/uploads\/sites\/6\/2023\/03\/2023_L_TOMASIK_EN.pdf\">Director of the Competition \u2013 S\u0142awomir Tomasik<\/a><\/p>\n<p style=\"text-align: center\">Secretary of the Competition \u2013\u00a0 Dominik Miros\u0142aw<\/p>\n<p>\u200b<\/p>\n<table>\n<tbody>\n<tr>\n<td>\u00a0<a href=\"https:\/\/fundacjaskrzypce.pl\/konkurspulawy\/wp-content\/uploads\/sites\/6\/2024\/03\/mkidn.jpg\"><img loading=\"lazy\" decoding=\"async\" class=\"aligncenter wp-image-704 size-medium\" src=\"https:\/\/fundacjaskrzypce.pl\/konkurspulawy\/wp-content\/uploads\/sites\/6\/2024\/03\/mkidn-300x84.jpg\" alt=\"\" width=\"300\" height=\"84\" srcset=\"https:\/\/fundacjaskrzypce.pl\/konkurspulawy\/wp-content\/uploads\/sites\/6\/2024\/03\/mkidn-300x84.jpg 300w, https:\/\/fundacjaskrzypce.pl\/konkurspulawy\/wp-content\/uploads\/sites\/6\/2024\/03\/mkidn-768x216.jpg 768w, https:\/\/fundacjaskrzypce.pl\/konkurspulawy\/wp-content\/uploads\/sites\/6\/2024\/03\/mkidn-1024x288.jpg 1024w, https:\/\/fundacjaskrzypce.pl\/konkurspulawy\/wp-content\/uploads\/sites\/6\/2024\/03\/mkidn.jpg 1537w\" sizes=\"(max-width: 300px) 100vw, 300px\" \/><\/a><\/td>\n<td>\u00a0<img loading=\"lazy\" decoding=\"async\" class=\"aligncenter wp-image-575\" src=\"https:\/\/fundacjaskrzypce.pl\/kurspulawy\/wp-content\/uploads\/sites\/5\/2021\/12\/fundacja_skrzypce-300x192.jpg\" alt=\"\" width=\"255\" height=\"163\" \/><\/td>\n<td><a href=\"https:\/\/fundacjaskrzypce.pl\/konkurspulawy\/wp-content\/uploads\/sites\/6\/2024\/03\/psm_pulawy.jpg\"><img loading=\"lazy\" decoding=\"async\" class=\"aligncenter size-full wp-image-705\" src=\"https:\/\/fundacjaskrzypce.pl\/konkurspulawy\/wp-content\/uploads\/sites\/6\/2024\/03\/psm_pulawy.jpg\" alt=\"\" width=\"117\" height=\"119\" \/><\/a><\/td>\n<\/tr>\n<tr>\n<td>\u00a0<img loading=\"lazy\" decoding=\"async\" class=\"aligncenter size-full wp-image-452\" src=\"https:\/\/fundacjaskrzypce.pl\/konkurspulawy\/wp-content\/uploads\/sites\/6\/2021\/12\/Liceum.png\" alt=\"\" width=\"362\" height=\"167\" srcset=\"https:\/\/fundacjaskrzypce.pl\/konkurspulawy\/wp-content\/uploads\/sites\/6\/2021\/12\/Liceum.png 362w, https:\/\/fundacjaskrzypce.pl\/konkurspulawy\/wp-content\/uploads\/sites\/6\/2021\/12\/Liceum-300x138.png 300w\" sizes=\"(max-width: 362px) 100vw, 362px\" \/><\/td>\n<td>\u00a0<a href=\"https:\/\/fundacjaskrzypce.pl\/kurspulawy\/wp-content\/uploads\/sites\/5\/2022\/04\/MR_LOGO.jpg\"><img loading=\"lazy\" decoding=\"async\" class=\"aligncenter wp-image-689\" src=\"https:\/\/fundacjaskrzypce.pl\/kurspulawy\/wp-content\/uploads\/sites\/5\/2022\/04\/MR_LOGO.jpg\" alt=\"\" width=\"150\" height=\"135\" \/><\/a><\/td>\n<td>\u00a0<img loading=\"lazy\" decoding=\"async\" class=\"aligncenter wp-image-450\" src=\"https:\/\/fundacjaskrzypce.pl\/konkurspulawy\/wp-content\/uploads\/sites\/6\/2021\/12\/herb_powiat.jpg\" alt=\"\" width=\"112\" height=\"152\" srcset=\"https:\/\/fundacjaskrzypce.pl\/konkurspulawy\/wp-content\/uploads\/sites\/6\/2021\/12\/herb_powiat.jpg 2123w, https:\/\/fundacjaskrzypce.pl\/konkurspulawy\/wp-content\/uploads\/sites\/6\/2021\/12\/herb_powiat-221x300.jpg 221w, https:\/\/fundacjaskrzypce.pl\/konkurspulawy\/wp-content\/uploads\/sites\/6\/2021\/12\/herb_powiat-768x1045.jpg 768w, https:\/\/fundacjaskrzypce.pl\/konkurspulawy\/wp-content\/uploads\/sites\/6\/2021\/12\/herb_powiat-753x1024.jpg 753w\" sizes=\"(max-width: 112px) 100vw, 112px\" \/><\/td>\n<\/tr>\n<tr>\n<td><\/td>\n<td><\/td>\n<td><\/td>\n<\/tr>\n<tr>\n<td><\/td>\n<td><\/td>\n<td><\/td>\n<\/tr>\n<\/tbody>\n<\/table>\n<p style=\"text-align: center\"><a href=\"https:\/\/fundacjaskrzypce.pl\/konkurspulawy\/wp-content\/uploads\/sites\/6\/2024\/03\/2024_afisz.jpg\"><img loading=\"lazy\" decoding=\"async\" class=\"aligncenter size-full wp-image-729\" src=\"https:\/\/fundacjaskrzypce.pl\/konkurspulawy\/wp-content\/uploads\/sites\/6\/2024\/03\/2024_afisz.jpg\" alt=\"\" width=\"1210\" height=\"855\" srcset=\"https:\/\/fundacjaskrzypce.pl\/konkurspulawy\/wp-content\/uploads\/sites\/6\/2024\/03\/2024_afisz.jpg 1210w, https:\/\/fundacjaskrzypce.pl\/konkurspulawy\/wp-content\/uploads\/sites\/6\/2024\/03\/2024_afisz-300x212.jpg 300w, https:\/\/fundacjaskrzypce.pl\/konkurspulawy\/wp-content\/uploads\/sites\/6\/2024\/03\/2024_afisz-768x543.jpg 768w, https:\/\/fundacjaskrzypce.pl\/konkurspulawy\/wp-content\/uploads\/sites\/6\/2024\/03\/2024_afisz-1024x724.jpg 1024w\" sizes=\"(max-width: 1210px) 100vw, 1210px\" \/><\/a><\/p>\n<p style=\"text-align: center\"><strong>LINK do film\u00f3w \u2013 Liceum im. A. Czartoryskiego (lekcje uczestnik\u00f3w)<br \/>\ni Internatu (zakwaterowanie)<\/strong><\/p>\n<p><iframe loading=\"lazy\" title=\"Wiosenna wizyta w murach liceum...\" width=\"1080\" height=\"608\" src=\"https:\/\/www.youtube.com\/embed\/wjLaaqaZAUw?feature=oembed\" frameborder=\"0\" allow=\"accelerometer; autoplay; clipboard-write; encrypted-media; gyroscope; picture-in-picture; web-share\" referrerpolicy=\"strict-origin-when-cross-origin\" allowfullscreen><\/iframe><\/p>\n<p><iframe loading=\"lazy\" title=\"Wiosenna wizyta w budynku internatu...\" width=\"1080\" height=\"608\" src=\"https:\/\/www.youtube.com\/embed\/uQwJfo_OIU4?feature=oembed\" frameborder=\"0\" allow=\"accelerometer; autoplay; clipboard-write; encrypted-media; gyroscope; picture-in-picture; web-share\" referrerpolicy=\"strict-origin-when-cross-origin\" allowfullscreen><\/iframe><\/p>\n","protected":false},"excerpt":{"rendered":"<p>9TH\u00a0 INTERNATIONAL PU\u0141AWY &amp; VIOLIN COMPETITION Koncerty on-line The Tadeusz Wro\u0144ski Foundation for Violin announces the 9TH International Pu\u0142awy &amp; Violin Competition, which will be held on August 7-9, 2024 in Pu\u0142awy. The competition is open to violinists of all nationalities. The event will be held in three age categories: group I &#8211; primary school [&hellip;]<\/p>\n","protected":false},"author":8,"featured_media":0,"parent":0,"menu_order":0,"comment_status":"closed","ping_status":"closed","template":"","meta":{"_et_pb_use_builder":"","_et_pb_old_content":"","_et_gb_content_width":"","ngg_post_thumbnail":0,"footnotes":""},"class_list":["post-719","page","type-page","status-publish","hentry"],"_links":{"self":[{"href":"https:\/\/fundacjaskrzypce.pl\/konkurspulawy\/wp-json\/wp\/v2\/pages\/719"}],"collection":[{"href":"https:\/\/fundacjaskrzypce.pl\/konkurspulawy\/wp-json\/wp\/v2\/pages"}],"about":[{"href":"https:\/\/fundacjaskrzypce.pl\/konkurspulawy\/wp-json\/wp\/v2\/types\/page"}],"author":[{"embeddable":true,"href":"https:\/\/fundacjaskrzypce.pl\/konkurspulawy\/wp-json\/wp\/v2\/users\/8"}],"replies":[{"embeddable":true,"href":"https:\/\/fundacjaskrzypce.pl\/konkurspulawy\/wp-json\/wp\/v2\/comments?post=719"}],"version-history":[{"count":7,"href":"https:\/\/fundacjaskrzypce.pl\/konkurspulawy\/wp-json\/wp\/v2\/pages\/719\/revisions"}],"predecessor-version":[{"id":739,"href":"https:\/\/fundacjaskrzypce.pl\/konkurspulawy\/wp-json\/wp\/v2\/pages\/719\/revisions\/739"}],"wp:attachment":[{"href":"https:\/\/fundacjaskrzypce.pl\/konkurspulawy\/wp-json\/wp\/v2\/media?parent=719"}],"curies":[{"name":"wp","href":"https:\/\/api.w.org\/{rel}","templated":true}]}}