{"id":703,"date":"2024-03-10T21:31:15","date_gmt":"2024-03-10T20:31:15","guid":{"rendered":"https:\/\/fundacjaskrzypce.pl\/konkurspulawy\/?page_id=703"},"modified":"2024-10-08T11:58:36","modified_gmt":"2024-10-08T09:58:36","slug":"2024-pl","status":"publish","type":"page","link":"https:\/\/fundacjaskrzypce.pl\/konkurspulawy\/","title":{"rendered":"2024 PL"},"content":{"rendered":"<p>[et_pb_section admin_label=&#8221;section&#8221;]<br \/>\n[et_pb_row admin_label=&#8221;row&#8221;]<br \/>\n[et_pb_column type=&#8221;4_4&#8243;][et_pb_text admin_label=&#8221;Text&#8221;]<\/p>\n<h2 style=\"text-align: center\"><span style=\"color: #000000\"><strong>IX MI\u0118DZYNARODOWY KONKURS<br \/>\n<\/strong><strong>\u201ePU\u0141AWY I SKRZYPCE\u201d<\/strong><\/span><\/h2>\n<p style=\"text-align: center\"><strong>Koncerty on-line<\/strong><\/p>\n<p style=\"text-align: justify\"><a href=\"https:\/\/www.youtube.com\/channel\/UC1ALKoBbrt5liKsX3r0fNMA\/featured\"><img loading=\"lazy\" decoding=\"async\" class=\"wp-image-405 aligncenter\" src=\"https:\/\/fundacjaskrzypce.pl\/konkurspulawy\/wp-content\/uploads\/sites\/6\/2021\/04\/youtube.jpg\" alt=\"yt\" width=\"167\" height=\"80\" srcset=\"https:\/\/fundacjaskrzypce.pl\/konkurspulawy\/wp-content\/uploads\/sites\/6\/2021\/04\/youtube.jpg 840w, https:\/\/fundacjaskrzypce.pl\/konkurspulawy\/wp-content\/uploads\/sites\/6\/2021\/04\/youtube-300x144.jpg 300w, https:\/\/fundacjaskrzypce.pl\/konkurspulawy\/wp-content\/uploads\/sites\/6\/2021\/04\/youtube-768x368.jpg 768w\" sizes=\"(max-width: 167px) 100vw, 167px\" \/><\/a><\/p>\n<p style=\"text-align: justify\">Fundacja SKRZYPCE og\u0142asza IX Mi\u0119dzynarodowy&nbsp;Konkurs <em>Pu\u0142awy i&nbsp;Skrzypce<\/em>, kt\u00f3ry odb\u0119dzie si\u0119 w&nbsp;dn. 7-9 sierpnia 2024 roku w Pu\u0142awach. Konkurs jest otwarty dla skrzypk\u00f3w wszystkich narodowo\u015bci. Impreza odb\u0119dzie si\u0119 w trzech kategoriach wiekowych: grupa I \u2013 uczniowie szk\u00f3\u0142 podstawowych do lat 14, grupa II \u2013 m\u0142odzie\u017c szkolna i licealna do lat 19. Grupa III, &nbsp;to studenci i absolwenci. Konkurs jest trzyetapowy. Organizatorzy przewiduj\u0105 \u0142\u0105czn\u0105 pul\u0119 nagr\u00f3d w kwocie ok. 25 tysi\u0119cy z\u0142otych, w tym Grand Prix Konkursu, kt\u00f3rym b\u0119d\u0105 mistrzowskie skrzypce, wykonane specjalnie na ten Konkurs przez wybitnego polskiego lutnika \u2013 Micha\u0142a R\u00f3\u017caka. Ostatecznego podzia\u0142u wszystkich nagr\u00f3d i&nbsp;wyr\u00f3\u017cnie\u0144 dokona mi\u0119dzynarodowe jury konkursu pod przewodnictwem profesora S\u0142awomira Tomasika. Impreza jest po\u0142\u0105czone z IX Mi\u0119dzynarodowym Festiwalem&nbsp;<em>Spotkanie z Mistrzem&nbsp;<\/em>oraz z IX Mi\u0119dzynarodowym Kursem im. Tadeusza Wro\u0144skiego. Jurorami b\u0119d\u0105 koncertuj\u0105cy skrzypkowie z Polski i z zagranicy, laureaci mi\u0119dzynarodowych konkurs\u00f3w skrzypcowych i fonograficznych. Wirtuozi ci b\u0119d\u0105 r\u00f3wnie\u017c wyk\u0142adowcami klas mistrzowskich w trakcie trwania kursu <a href=\"http:\/\/fundacjaskrzypce.pl\/kurspulawy\/\">http:\/\/fundacjaskrzypce.pl\/kurspulawy\/<\/a> Pod ich okiem m\u0142odzi adepci z Polski i z zagranicy b\u0119d\u0105 mogli przygotowa\u0107 si\u0119 do IX Konkursu <em>Pu\u0142awy i Skrzypce<\/em>. Serdecznie zapraszamy!<\/p>\n<p style=\"text-align: center\"><strong>Wybierz j\u0119zyk \/ Select Your language<\/strong><\/p>\n<p style=\"text-align: center\"><a href=\"https:\/\/fundacjaskrzypce.pl\/konkurspulawy\/\"><img loading=\"lazy\" decoding=\"async\" class=\"alignnone wp-image-350 size-full\" src=\"https:\/\/fundacjaskrzypce.pl\/konkurspulawy\/wp-content\/uploads\/sites\/6\/2021\/04\/pol-150x100.jpg\" alt=\"\" width=\"150\" height=\"100\"><\/a> &nbsp; <a href=\"https:\/\/fundacjaskrzypce.pl\/konkurspulawy\/2024-en\/\"><img loading=\"lazy\" decoding=\"async\" class=\"alignnone wp-image-349 size-full\" src=\"https:\/\/fundacjaskrzypce.pl\/konkurspulawy\/wp-content\/uploads\/sites\/6\/2021\/04\/ang-lg-150x100.jpg\" alt=\"\" width=\"150\" height=\"100\"><\/a><\/p>\n<h4 style=\"text-align: center\"><a href=\"https:\/\/fundacjaskrzypce.pl\/konkurspulawy\/wp-content\/uploads\/sites\/6\/2024\/03\/IX-Konkurs-regulamin-pl-1.pdf\"><span style=\"color: #0000ff\"><strong>KARTA ZG\u0141OSZENIA&nbsp;<\/strong>i<\/span>&nbsp;<span style=\"color: #0000ff\">REGULAMIN<\/span><\/a><\/h4>\n<p style=\"text-align: center\"><strong>JURY:<\/strong><\/p>\n<p style=\"text-align: center\"><a href=\"https:\/\/fundacjaskrzypce.pl\/konkurspulawy\/wp-content\/uploads\/sites\/6\/2024\/03\/2024_L_Myerscough_PL.pdf\"><span class=\"fontstyle0\">Marliese Myerscough<\/span>&nbsp;\u2013 Londyn<\/a><\/p>\n<p style=\"text-align: center\"><a href=\"https:\/\/fundacjaskrzypce.pl\/konkurspulawy\/wp-content\/uploads\/sites\/6\/2023\/03\/2023_L_Rashidova_PL_2.pdf\">Nazrin Rashidova \u2013 Londyn<\/a><\/p>\n<p style=\"text-align: center\"><a href=\"https:\/\/fundacjaskrzypce.pl\/konkurspulawy\/wp-content\/uploads\/sites\/6\/2023\/03\/2023_L_REZLER_PL.pdf\">Magdalena Rezler \u2013 Freiburg<\/a><\/p>\n<p style=\"text-align: center\"><a href=\"https:\/\/fundacjaskrzypce.pl\/konkurspulawy\/wp-content\/uploads\/sites\/6\/2023\/03\/2023_L_Korniszewski_PL.pdf\">Adam Korniszewski \u2013 Bruksela<\/a><\/p>\n<p style=\"text-align: center\"><a href=\"https:\/\/fundacjaskrzypce.pl\/konkurspulawy\/wp-content\/uploads\/sites\/6\/2023\/03\/2023_L_KULKA_PL.pdf\">Konstanty Andrzej Kulka \u2013 Warszawa<\/a><\/p>\n<p style=\"text-align: center\"><a href=\"https:\/\/fundacjaskrzypce.pl\/konkurspulawy\/wp-content\/uploads\/sites\/6\/2024\/03\/2023_L_Patyra_PL.pdf\">Mariusz Patyra \u2013 Hannover, Bydgoszcz<\/a><\/p>\n<p style=\"text-align: center\"><a href=\"https:\/\/fundacjaskrzypce.pl\/konkurspulawy\/wp-content\/uploads\/sites\/6\/2023\/03\/2023_L_TOMASIK_PL.pdf\">S\u0142awomir Tomasik \u2013 Warszawa \u2013 przewodnicz\u0105cy jury<\/a><\/p>\n<p style=\"text-align: center\"><strong>Pianista:<\/strong><\/p>\n<p style=\"text-align: center\"><a href=\"https:\/\/fundacjaskrzypce.pl\/konkurspulawy\/wp-content\/uploads\/sites\/6\/2023\/03\/2023_L_Stanienda_PL.pdf\">Krzysztof Stanienda<\/a><\/p>\n<p style=\"text-align: center\"><strong>ORGANIZATOR:<\/strong><\/p>\n<p style=\"text-align: center\"><strong>Fundacja SKRZYPCE im. Tadeusza Wro\u0144skiego<\/strong><\/p>\n<p style=\"text-align: center\"><a href=\"mailto:wronski.fundacja.skrzypce@gmail.com\">wronski.fundacja.skrzypce@gmail.com<\/a><\/p>\n<p style=\"text-align: center\"><strong>Wsp\u00f3\u0142organizator: <\/strong><\/p>\n<p style=\"text-align: center\"><strong>I Liceum Og\u00f3lnokszta\u0142c\u0105ce im. Ksi\u0119cia Adama Czartoryskiego w Pu\u0142awach<br \/>\noraz<br \/>\nPa\u0144stwowa Szko\u0142a Muzyczna I stopnia im. R. Twardowskiego w Pu\u0142awach<br \/>\n<\/strong><\/p>\n<p style=\"text-align: center\"><a href=\"https:\/\/fundacjaskrzypce.pl\/konkurspulawy\/wp-content\/uploads\/sites\/6\/2023\/03\/2023_L_TOMASIK_PL.pdf\">Dyrektor Konkursu \u2013 S\u0142awomir Tomasik<\/a><\/p>\n<p style=\"text-align: center\">Sekretarz Konkursu \u2013 &nbsp;Dominik Miros\u0142aw<\/p>\n<p>\u200b<\/p>\n<p>\u200b<\/p>\n<table>\n<tbody>\n<tr>\n<td>&nbsp;<a href=\"https:\/\/fundacjaskrzypce.pl\/konkurspulawy\/wp-content\/uploads\/sites\/6\/2024\/03\/mkidn.jpg\"><img loading=\"lazy\" decoding=\"async\" class=\"aligncenter wp-image-704 size-medium\" src=\"https:\/\/fundacjaskrzypce.pl\/konkurspulawy\/wp-content\/uploads\/sites\/6\/2024\/03\/mkidn-300x84.jpg\" alt=\"\" width=\"300\" height=\"84\" srcset=\"https:\/\/fundacjaskrzypce.pl\/konkurspulawy\/wp-content\/uploads\/sites\/6\/2024\/03\/mkidn-300x84.jpg 300w, https:\/\/fundacjaskrzypce.pl\/konkurspulawy\/wp-content\/uploads\/sites\/6\/2024\/03\/mkidn-768x216.jpg 768w, https:\/\/fundacjaskrzypce.pl\/konkurspulawy\/wp-content\/uploads\/sites\/6\/2024\/03\/mkidn-1024x288.jpg 1024w, https:\/\/fundacjaskrzypce.pl\/konkurspulawy\/wp-content\/uploads\/sites\/6\/2024\/03\/mkidn.jpg 1537w\" sizes=\"(max-width: 300px) 100vw, 300px\" \/><\/a><\/td>\n<td>&nbsp;<img loading=\"lazy\" decoding=\"async\" class=\"aligncenter wp-image-575\" src=\"https:\/\/fundacjaskrzypce.pl\/kurspulawy\/wp-content\/uploads\/sites\/5\/2021\/12\/fundacja_skrzypce-300x192.jpg\" alt=\"\" width=\"255\" height=\"163\"><\/td>\n<td><img loading=\"lazy\" decoding=\"async\" class=\"aligncenter size-full wp-image-705\" src=\"https:\/\/fundacjaskrzypce.pl\/konkurspulawy\/wp-content\/uploads\/sites\/6\/2024\/03\/psm_pulawy.jpg\" alt=\"\" width=\"117\" height=\"119\"><\/td>\n<\/tr>\n<tr>\n<td>&nbsp;<img loading=\"lazy\" decoding=\"async\" class=\"aligncenter size-full wp-image-452\" src=\"https:\/\/fundacjaskrzypce.pl\/konkurspulawy\/wp-content\/uploads\/sites\/6\/2021\/12\/Liceum.png\" alt=\"\" width=\"362\" height=\"167\" srcset=\"https:\/\/fundacjaskrzypce.pl\/konkurspulawy\/wp-content\/uploads\/sites\/6\/2021\/12\/Liceum.png 362w, https:\/\/fundacjaskrzypce.pl\/konkurspulawy\/wp-content\/uploads\/sites\/6\/2021\/12\/Liceum-300x138.png 300w\" sizes=\"(max-width: 362px) 100vw, 362px\" \/><\/td>\n<td>&nbsp;<a href=\"https:\/\/fundacjaskrzypce.pl\/kurspulawy\/wp-content\/uploads\/sites\/5\/2022\/04\/MR_LOGO.jpg\"><img loading=\"lazy\" decoding=\"async\" class=\"aligncenter wp-image-689\" src=\"https:\/\/fundacjaskrzypce.pl\/kurspulawy\/wp-content\/uploads\/sites\/5\/2022\/04\/MR_LOGO.jpg\" alt=\"\" width=\"150\" height=\"135\"><\/a><\/td>\n<td>&nbsp;<img loading=\"lazy\" decoding=\"async\" class=\"aligncenter wp-image-450\" src=\"https:\/\/fundacjaskrzypce.pl\/konkurspulawy\/wp-content\/uploads\/sites\/6\/2021\/12\/herb_powiat.jpg\" alt=\"\" width=\"112\" height=\"152\" srcset=\"https:\/\/fundacjaskrzypce.pl\/konkurspulawy\/wp-content\/uploads\/sites\/6\/2021\/12\/herb_powiat.jpg 2123w, https:\/\/fundacjaskrzypce.pl\/konkurspulawy\/wp-content\/uploads\/sites\/6\/2021\/12\/herb_powiat-221x300.jpg 221w, https:\/\/fundacjaskrzypce.pl\/konkurspulawy\/wp-content\/uploads\/sites\/6\/2021\/12\/herb_powiat-768x1045.jpg 768w, https:\/\/fundacjaskrzypce.pl\/konkurspulawy\/wp-content\/uploads\/sites\/6\/2021\/12\/herb_powiat-753x1024.jpg 753w\" sizes=\"(max-width: 112px) 100vw, 112px\" \/><\/td>\n<\/tr>\n<tr>\n<td>&nbsp;<\/td>\n<td><a href=\"https:\/\/fundacjaskrzypce.pl\/konkurspulawy\/wp-content\/uploads\/sites\/6\/2023\/03\/zaiks.jpg\"><img loading=\"lazy\" decoding=\"async\" class=\"aligncenter wp-image-665\" src=\"https:\/\/fundacjaskrzypce.pl\/konkurspulawy\/wp-content\/uploads\/sites\/6\/2023\/03\/zaiks-300x155.jpg\" alt=\"\" width=\"200\" height=\"104\" srcset=\"https:\/\/fundacjaskrzypce.pl\/konkurspulawy\/wp-content\/uploads\/sites\/6\/2023\/03\/zaiks-300x155.jpg 300w, https:\/\/fundacjaskrzypce.pl\/konkurspulawy\/wp-content\/uploads\/sites\/6\/2023\/03\/zaiks-768x398.jpg 768w, https:\/\/fundacjaskrzypce.pl\/konkurspulawy\/wp-content\/uploads\/sites\/6\/2023\/03\/zaiks-1024x530.jpg 1024w, https:\/\/fundacjaskrzypce.pl\/konkurspulawy\/wp-content\/uploads\/sites\/6\/2023\/03\/zaiks.jpg 1412w\" sizes=\"(max-width: 200px) 100vw, 200px\" \/><\/a><\/td>\n<td>&nbsp;<\/td>\n<\/tr>\n<tr>\n<td>&nbsp;<\/td>\n<td>&nbsp;<\/td>\n<td>&nbsp;<\/td>\n<\/tr>\n<\/tbody>\n<\/table>\n<p style=\"text-align: center\"><a href=\"https:\/\/fundacjaskrzypce.pl\/konkurspulawy\/wp-content\/uploads\/sites\/6\/2024\/03\/2024_afisz.jpg\"><img loading=\"lazy\" decoding=\"async\" class=\"aligncenter size-full wp-image-729\" src=\"https:\/\/fundacjaskrzypce.pl\/konkurspulawy\/wp-content\/uploads\/sites\/6\/2024\/03\/2024_afisz.jpg\" alt=\"\" width=\"1210\" height=\"855\" srcset=\"https:\/\/fundacjaskrzypce.pl\/konkurspulawy\/wp-content\/uploads\/sites\/6\/2024\/03\/2024_afisz.jpg 1210w, https:\/\/fundacjaskrzypce.pl\/konkurspulawy\/wp-content\/uploads\/sites\/6\/2024\/03\/2024_afisz-300x212.jpg 300w, https:\/\/fundacjaskrzypce.pl\/konkurspulawy\/wp-content\/uploads\/sites\/6\/2024\/03\/2024_afisz-768x543.jpg 768w, https:\/\/fundacjaskrzypce.pl\/konkurspulawy\/wp-content\/uploads\/sites\/6\/2024\/03\/2024_afisz-1024x724.jpg 1024w\" sizes=\"(max-width: 1210px) 100vw, 1210px\" \/><\/a><\/p>\n<p style=\"text-align: center\"><strong>LINK do film\u00f3w \u2013 Liceum im. A. Czartoryskiego (lekcje uczestnik\u00f3w)<br \/>\ni Internatu (zakwaterowanie)<\/strong><\/p>\n<p><iframe loading=\"lazy\" title=\"Wiosenna wizyta w murach liceum...\" width=\"1080\" height=\"608\" src=\"https:\/\/www.youtube.com\/embed\/wjLaaqaZAUw?feature=oembed\" frameborder=\"0\" allow=\"accelerometer; autoplay; clipboard-write; encrypted-media; gyroscope; picture-in-picture; web-share\" referrerpolicy=\"strict-origin-when-cross-origin\" allowfullscreen><\/iframe><\/p>\n<p>https:\/\/www.youtube.com\/watch?v=uQwJfo_OIU4[\/et_pb_text][\/et_pb_column]<br \/>\n[\/et_pb_row]<br \/>\n[\/et_pb_section]<\/p>\n","protected":false},"excerpt":{"rendered":"<p>[et_pb_section admin_label=&#8221;section&#8221;] [et_pb_row admin_label=&#8221;row&#8221;] [et_pb_column type=&#8221;4_4&#8243;][et_pb_text admin_label=&#8221;Text&#8221;] IX MI\u0118DZYNARODOWY KONKURS \u201ePU\u0141AWY I SKRZYPCE\u201d Koncerty on-line Fundacja SKRZYPCE og\u0142asza IX Mi\u0119dzynarodowy&nbsp;Konkurs Pu\u0142awy i&nbsp;Skrzypce, kt\u00f3ry odb\u0119dzie si\u0119 w&nbsp;dn. 7-9 sierpnia 2024 roku w Pu\u0142awach. Konkurs jest otwarty dla skrzypk\u00f3w wszystkich narodowo\u015bci. Impreza odb\u0119dzie si\u0119 w trzech kategoriach wiekowych: grupa I \u2013 uczniowie szk\u00f3\u0142 podstawowych do lat 14, [&hellip;]<\/p>\n","protected":false},"author":8,"featured_media":0,"parent":0,"menu_order":0,"comment_status":"closed","ping_status":"closed","template":"","meta":{"_et_pb_use_builder":"on","_et_pb_old_content":"<h2 style=\"text-align: center\"><span style=\"color: #000000\"><strong>IX MI\u0118DZYNARODOWY KONKURS\r\n<\/strong><strong>\u201ePU\u0141AWY I SKRZYPCE\u201d<\/strong><\/span><\/h2>\r\n<p style=\"text-align: center\"><strong>Koncerty on-line<\/strong><\/p>\r\n<p style=\"text-align: justify\"><a href=\"https:\/\/www.youtube.com\/channel\/UC1ALKoBbrt5liKsX3r0fNMA\/featured\"><img class=\"wp-image-405 aligncenter\" src=\"https:\/\/fundacjaskrzypce.pl\/konkurspulawy\/wp-content\/uploads\/sites\/6\/2021\/04\/youtube.jpg\" alt=\"yt\" width=\"167\" height=\"80\" \/><\/a><\/p>\r\n<p style=\"text-align: justify\">Fundacja SKRZYPCE og\u0142asza IX Mi\u0119dzynarodowy\u00a0Konkurs <em>Pu\u0142awy i\u00a0Skrzypce<\/em>, kt\u00f3ry odb\u0119dzie si\u0119 w\u00a0dn. 7-9 sierpnia 2024 roku w Pu\u0142awach. Konkurs jest otwarty dla skrzypk\u00f3w wszystkich narodowo\u015bci. Impreza odb\u0119dzie si\u0119 w trzech kategoriach wiekowych: grupa I \u2013 uczniowie szk\u00f3\u0142 podstawowych do lat 14, grupa II \u2013 m\u0142odzie\u017c szkolna i licealna do lat 19. Grupa III, \u00a0to studenci i absolwenci. Konkurs jest trzyetapowy. Organizatorzy przewiduj\u0105 \u0142\u0105czn\u0105 pul\u0119 nagr\u00f3d w kwocie ok. 25 tysi\u0119cy z\u0142otych, w tym Grand Prix Konkursu, kt\u00f3rym b\u0119d\u0105 mistrzowskie skrzypce, wykonane specjalnie na ten Konkurs przez wybitnego polskiego lutnika \u2013 Micha\u0142a R\u00f3\u017caka. Ostatecznego podzia\u0142u wszystkich nagr\u00f3d i\u00a0wyr\u00f3\u017cnie\u0144 dokona mi\u0119dzynarodowe jury konkursu pod przewodnictwem profesora S\u0142awomira Tomasika. Impreza jest po\u0142\u0105czone z IX Mi\u0119dzynarodowym Festiwalem\u00a0<em>Spotkanie z Mistrzem\u00a0<\/em>oraz z IX Mi\u0119dzynarodowym Kursem im. Tadeusza Wro\u0144skiego. Jurorami b\u0119d\u0105 koncertuj\u0105cy skrzypkowie z Polski i z zagranicy, laureaci mi\u0119dzynarodowych konkurs\u00f3w skrzypcowych i fonograficznych. Wirtuozi ci b\u0119d\u0105 r\u00f3wnie\u017c wyk\u0142adowcami klas mistrzowskich w trakcie trwania kursu <a href=\"http:\/\/fundacjaskrzypce.pl\/kurspulawy\/\">http:\/\/fundacjaskrzypce.pl\/kurspulawy\/<\/a> Pod ich okiem m\u0142odzi adepci z Polski i z zagranicy b\u0119d\u0105 mogli przygotowa\u0107 si\u0119 do IX Konkursu <em>Pu\u0142awy i Skrzypce<\/em>. Serdecznie zapraszamy!<\/p>\r\n<p style=\"text-align: center\"><strong>Wybierz j\u0119zyk \/ Select Your language<\/strong><\/p>\r\n<p style=\"text-align: center\"><a href=\"https:\/\/fundacjaskrzypce.pl\/konkurspulawy\/\"><img class=\"alignnone wp-image-350 size-full\" src=\"https:\/\/fundacjaskrzypce.pl\/konkurspulawy\/wp-content\/uploads\/sites\/6\/2021\/04\/pol-150x100.jpg\" alt=\"\" width=\"150\" height=\"100\" \/><\/a> \u00a0 <a href=\"https:\/\/fundacjaskrzypce.pl\/konkurspulawy\/2024-en\/\"><img class=\"alignnone wp-image-349 size-full\" src=\"https:\/\/fundacjaskrzypce.pl\/konkurspulawy\/wp-content\/uploads\/sites\/6\/2021\/04\/ang-lg-150x100.jpg\" alt=\"\" width=\"150\" height=\"100\" \/><\/a><\/p>\r\n\r\n<h4 style=\"text-align: center\"><a href=\"https:\/\/fundacjaskrzypce.pl\/konkurspulawy\/wp-content\/uploads\/sites\/6\/2024\/03\/IX-Konkurs-regulamin-pl-1.pdf\"><span style=\"color: #0000ff\"><strong>KARTA ZG\u0141OSZENIA\u00a0<\/strong>i<\/span>\u00a0<span style=\"color: #0000ff\">REGULAMIN<\/span><\/a><\/h4>\r\n<p style=\"text-align: center\"><strong>JURY:<\/strong><\/p>\r\n<p style=\"text-align: center\"><a href=\"https:\/\/fundacjaskrzypce.pl\/konkurspulawy\/wp-content\/uploads\/sites\/6\/2024\/03\/2024_L_Myerscough_PL.pdf\"><span class=\"fontstyle0\">Marliese Myerscough<\/span>\u00a0\u2013 Londyn<\/a><\/p>\r\n<p style=\"text-align: center\"><a href=\"https:\/\/fundacjaskrzypce.pl\/konkurspulawy\/wp-content\/uploads\/sites\/6\/2023\/03\/2023_L_Rashidova_PL_2.pdf\">Nazrin Rashidova \u2013 Londyn<\/a><\/p>\r\n<p style=\"text-align: center\"><a href=\"https:\/\/fundacjaskrzypce.pl\/konkurspulawy\/wp-content\/uploads\/sites\/6\/2023\/03\/2023_L_REZLER_PL.pdf\">Magdalena Rezler \u2013 Freiburg<\/a><\/p>\r\n<p style=\"text-align: center\"><a href=\"https:\/\/fundacjaskrzypce.pl\/konkurspulawy\/wp-content\/uploads\/sites\/6\/2023\/03\/2023_L_Korniszewski_PL.pdf\">Adam Korniszewski \u2013 Bruksela<\/a><\/p>\r\n<p style=\"text-align: center\"><a href=\"https:\/\/fundacjaskrzypce.pl\/konkurspulawy\/wp-content\/uploads\/sites\/6\/2023\/03\/2023_L_KULKA_PL.pdf\">Konstanty Andrzej Kulka \u2013 Warszawa<\/a><\/p>\r\n<p style=\"text-align: center\"><a href=\"https:\/\/fundacjaskrzypce.pl\/konkurspulawy\/wp-content\/uploads\/sites\/6\/2024\/03\/2023_L_Patyra_PL.pdf\">Mariusz Patyra \u2013 Hannover, Bydgoszcz<\/a><\/p>\r\n<p style=\"text-align: center\"><a href=\"https:\/\/fundacjaskrzypce.pl\/konkurspulawy\/wp-content\/uploads\/sites\/6\/2023\/03\/2023_L_TOMASIK_PL.pdf\">S\u0142awomir Tomasik \u2013 Warszawa \u2013 przewodnicz\u0105cy jury<\/a><\/p>\r\n<p style=\"text-align: center\"><strong>Pianista:<\/strong><\/p>\r\n<p style=\"text-align: center\"><a href=\"https:\/\/fundacjaskrzypce.pl\/konkurspulawy\/wp-content\/uploads\/sites\/6\/2023\/03\/2023_L_Stanienda_PL.pdf\">Krzysztof Stanienda<\/a><\/p>\r\n<p style=\"text-align: center\"><strong>ORGANIZATOR:<\/strong><\/p>\r\n<p style=\"text-align: center\"><strong>Fundacja SKRZYPCE im. Tadeusza Wro\u0144skiego<\/strong><\/p>\r\n<p style=\"text-align: center\"><a href=\"mailto:wronski.fundacja.skrzypce@gmail.com\">wronski.fundacja.skrzypce@gmail.com<\/a><\/p>\r\n<p style=\"text-align: center\"><strong>Wsp\u00f3\u0142organizator: <\/strong><\/p>\r\n<p style=\"text-align: center\"><strong>I Liceum Og\u00f3lnokszta\u0142c\u0105ce im. Ksi\u0119cia Adama Czartoryskiego w Pu\u0142awach\r\noraz\r\nPa\u0144stwowa Szko\u0142a Muzyczna I stopnia im. R. Twardowskiego w Pu\u0142awach\r\n<\/strong><\/p>\r\n<p style=\"text-align: center\"><a href=\"https:\/\/fundacjaskrzypce.pl\/konkurspulawy\/wp-content\/uploads\/sites\/6\/2023\/03\/2023_L_TOMASIK_PL.pdf\">Dyrektor Konkursu \u2013 S\u0142awomir Tomasik<\/a><\/p>\r\n<p style=\"text-align: center\">Sekretarz Konkursu \u2013 \u00a0Dominik Miros\u0142aw<\/p>\r\n\u200b\r\n<table>\r\n<tbody>\r\n<tr>\r\n<td>\u00a0<a href=\"https:\/\/fundacjaskrzypce.pl\/konkurspulawy\/wp-content\/uploads\/sites\/6\/2024\/03\/mkidn.jpg\"><img class=\"aligncenter wp-image-704 size-medium\" src=\"https:\/\/fundacjaskrzypce.pl\/konkurspulawy\/wp-content\/uploads\/sites\/6\/2024\/03\/mkidn-300x84.jpg\" alt=\"\" width=\"300\" height=\"84\" \/><\/a><\/td>\r\n<td>\u00a0<img class=\"aligncenter wp-image-575\" src=\"https:\/\/fundacjaskrzypce.pl\/kurspulawy\/wp-content\/uploads\/sites\/5\/2021\/12\/fundacja_skrzypce-300x192.jpg\" alt=\"\" width=\"255\" height=\"163\" \/><\/td>\r\n<td><img class=\"aligncenter size-full wp-image-705\" src=\"https:\/\/fundacjaskrzypce.pl\/konkurspulawy\/wp-content\/uploads\/sites\/6\/2024\/03\/psm_pulawy.jpg\" alt=\"\" width=\"117\" height=\"119\" \/><\/td>\r\n<\/tr>\r\n<tr>\r\n<td>\u00a0<img class=\"aligncenter size-full wp-image-452\" src=\"https:\/\/fundacjaskrzypce.pl\/konkurspulawy\/wp-content\/uploads\/sites\/6\/2021\/12\/Liceum.png\" alt=\"\" width=\"362\" height=\"167\" \/><\/td>\r\n<td>\u00a0<a href=\"https:\/\/fundacjaskrzypce.pl\/kurspulawy\/wp-content\/uploads\/sites\/5\/2022\/04\/MR_LOGO.jpg\"><img class=\"aligncenter wp-image-689\" src=\"https:\/\/fundacjaskrzypce.pl\/kurspulawy\/wp-content\/uploads\/sites\/5\/2022\/04\/MR_LOGO.jpg\" alt=\"\" width=\"150\" height=\"135\" \/><\/a><\/td>\r\n<td>\u00a0<img class=\"aligncenter wp-image-450\" src=\"https:\/\/fundacjaskrzypce.pl\/konkurspulawy\/wp-content\/uploads\/sites\/6\/2021\/12\/herb_powiat.jpg\" alt=\"\" width=\"112\" height=\"152\" \/><\/td>\r\n<\/tr>\r\n<tr>\r\n<td><\/td>\r\n<td><\/td>\r\n<td><\/td>\r\n<\/tr>\r\n<tr>\r\n<td><\/td>\r\n<td><\/td>\r\n<td><\/td>\r\n<\/tr>\r\n<\/tbody>\r\n<\/table>\r\n<p style=\"text-align: center\"><a href=\"https:\/\/fundacjaskrzypce.pl\/konkurspulawy\/wp-content\/uploads\/sites\/6\/2024\/03\/2024_afisz.jpg\"><img class=\"aligncenter size-full wp-image-729\" src=\"https:\/\/fundacjaskrzypce.pl\/konkurspulawy\/wp-content\/uploads\/sites\/6\/2024\/03\/2024_afisz.jpg\" alt=\"\" width=\"1210\" height=\"855\" \/><\/a><\/p>\r\n<p style=\"text-align: center\"><strong>LINK do film\u00f3w \u2013 Liceum im. A. Czartoryskiego (lekcje uczestnik\u00f3w)\r\ni Internatu (zakwaterowanie)<\/strong><\/p>\r\nhttps:\/\/www.youtube.com\/watch?v=wjLaaqaZAUw\r\n\r\nhttps:\/\/www.youtube.com\/watch?v=uQwJfo_OIU4","_et_gb_content_width":"","ngg_post_thumbnail":0,"footnotes":""},"class_list":["post-703","page","type-page","status-publish","hentry"],"_links":{"self":[{"href":"https:\/\/fundacjaskrzypce.pl\/konkurspulawy\/wp-json\/wp\/v2\/pages\/703"}],"collection":[{"href":"https:\/\/fundacjaskrzypce.pl\/konkurspulawy\/wp-json\/wp\/v2\/pages"}],"about":[{"href":"https:\/\/fundacjaskrzypce.pl\/konkurspulawy\/wp-json\/wp\/v2\/types\/page"}],"author":[{"embeddable":true,"href":"https:\/\/fundacjaskrzypce.pl\/konkurspulawy\/wp-json\/wp\/v2\/users\/8"}],"replies":[{"embeddable":true,"href":"https:\/\/fundacjaskrzypce.pl\/konkurspulawy\/wp-json\/wp\/v2\/comments?post=703"}],"version-history":[{"count":9,"href":"https:\/\/fundacjaskrzypce.pl\/konkurspulawy\/wp-json\/wp\/v2\/pages\/703\/revisions"}],"predecessor-version":[{"id":767,"href":"https:\/\/fundacjaskrzypce.pl\/konkurspulawy\/wp-json\/wp\/v2\/pages\/703\/revisions\/767"}],"wp:attachment":[{"href":"https:\/\/fundacjaskrzypce.pl\/konkurspulawy\/wp-json\/wp\/v2\/media?parent=703"}],"curies":[{"name":"wp","href":"https:\/\/api.w.org\/{rel}","templated":true}]}}