{"id":342,"date":"2021-04-06T08:39:31","date_gmt":"2021-04-06T06:39:31","guid":{"rendered":"https:\/\/fundacjaskrzypce.pl\/konkurspulawy\/?page_id=342"},"modified":"2021-07-23T23:19:07","modified_gmt":"2021-07-23T21:19:07","slug":"en-2","status":"publish","type":"page","link":"https:\/\/fundacjaskrzypce.pl\/konkurspulawy\/en-2\/","title":{"rendered":"THE 6TH INTERNATIONAL  PULAWY &amp; THE VIOLIN COMPETITION"},"content":{"rendered":"<p style=\"text-align: center\"><strong>Concert on-line<\/strong><\/p>\n<p style=\"text-align: justify\"><a href=\"https:\/\/www.youtube.com\/channel\/UC1ALKoBbrt5liKsX3r0fNMA\/featured\"><img loading=\"lazy\" decoding=\"async\" class=\"wp-image-405 aligncenter\" src=\"https:\/\/fundacjaskrzypce.pl\/konkurspulawy\/wp-content\/uploads\/sites\/6\/2021\/04\/youtube.jpg\" alt=\"yt\" width=\"167\" height=\"80\" srcset=\"https:\/\/fundacjaskrzypce.pl\/konkurspulawy\/wp-content\/uploads\/sites\/6\/2021\/04\/youtube.jpg 840w, https:\/\/fundacjaskrzypce.pl\/konkurspulawy\/wp-content\/uploads\/sites\/6\/2021\/04\/youtube-300x144.jpg 300w, https:\/\/fundacjaskrzypce.pl\/konkurspulawy\/wp-content\/uploads\/sites\/6\/2021\/04\/youtube-768x368.jpg 768w\" sizes=\"(max-width: 167px) 100vw, 167px\" \/><\/a><\/p>\n<p style=\"text-align: justify\">The Tadeusz Wro\u0144ski Foundation for Violin announces The 6<sup>TH\u00a0<\/sup>International <em>Pulawy &amp; the Violin<\/em> Competition. This Competition is opened for violinist from all countries. The Competition hearings and the winner ceremony will be held on August 12-14 and will take place in Concert Halls of the Pulawy Culture Center \u201cChemist\u201d. In this event the violinists will compete in 3 groups of age during in three stages: Elementary school students to 14 yrs. of age; Middle and High school students to 19 yrs. of ages and College &amp; University students. Total value of prizes will be awarded is approx. 25.000 zloty. Grand Prix of the Competition is a\u00a0master violin, made by an outstanding Polish violin maker,\u00a0Mr. Micha\u0142 R\u00f3\u017cak who made this instrument specially on this event. The final decisions on the prizes and distinctions will be made by the Competition\u2019s international Jury. Competition is connected with 6<sup>TH<\/sup>\u00a0International Festival\u00a0 <em>Meeting with Master<\/em> and 6<sup>TH\u00a0<\/sup>International Tadeusz Wro\u0144ski Violin Course. <a href=\"http:\/\/fundacjaskrzypce.pl\/kurspulawy\/en-2\/\">http:\/\/fundacjaskrzypce.pl\/kurspulawy\/en-2\/<\/a> The masters and jury members of those events will be a concert virtuosos from Poland and from abroad, the laureates of violin and phonographic competitions. They will teach those young violinist, who can also take part in this event of <em>Pulawy &amp; The Violin <\/em>Competition.<\/p>\n<p style=\"text-align: center\"><strong>Wybierz j\u0119zyk \/ Select Your language<\/strong><\/p>\n<p style=\"text-align: center\"><a href=\"https:\/\/fundacjaskrzypce.pl\/konkurspulawy\/\"><img loading=\"lazy\" decoding=\"async\" class=\"alignnone wp-image-350 size-full\" src=\"https:\/\/fundacjaskrzypce.pl\/konkurspulawy\/wp-content\/uploads\/sites\/6\/2021\/04\/pol-150x100.jpg\" alt=\"\" width=\"150\" height=\"100\" \/><\/a>\u00a0 \u00a0 \u00a0 \u00a0 \u00a0\u00a0<a href=\"https:\/\/fundacjaskrzypce.pl\/konkurspulawy\/en-2\"><img loading=\"lazy\" decoding=\"async\" class=\"alignnone wp-image-349 size-full\" src=\"https:\/\/fundacjaskrzypce.pl\/konkurspulawy\/wp-content\/uploads\/sites\/6\/2021\/04\/ang-lg-150x100.jpg\" alt=\"\" width=\"150\" height=\"100\" \/><\/a><\/p>\n<h4 style=\"text-align: center\"><a href=\"https:\/\/fundacjaskrzypce.pl\/konkurspulawy\/wp-content\/uploads\/sites\/6\/2021\/04\/VI-Konkurs-Regulamin-angielski.pdf\"><span style=\"color: #0000ff\">Rules&gt;&gt;<\/span><\/a><\/h4>\n<p><strong>JURY:<\/strong><\/p>\n<p><a href=\"https:\/\/fundacjaskrzypce.pl\/konkurspulawy\/wp-content\/uploads\/sites\/6\/2021\/04\/REZLER-MAGDALENA-ang.pdf\">Magdalena Rezler \u2013 Freiburg<\/a><\/p>\n<p><a href=\"https:\/\/fundacjaskrzypce.pl\/konkurspulawy\/wp-content\/uploads\/sites\/6\/2021\/04\/Antoine-Billet-eng..pdf\">Antoine Billet&#8217;a &#8211;\u00a0 Freiburg\/Paris<\/a><\/p>\n<p><a href=\"https:\/\/fundacjaskrzypce.pl\/konkurspulawy\/wp-content\/uploads\/sites\/6\/2021\/04\/Adam-Korniszewski_-eng.pdf\">Adam Korniszewski \u2013 Brusseles<\/a><\/p>\n<p><a href=\"https:\/\/fundacjaskrzypce.pl\/konkurspulawy\/wp-content\/uploads\/sites\/6\/2021\/04\/KULKA-Konstanty-Andrzej.-ang.pdf\">Konstanty Andrzej Kulka \u2013 Warsaw<\/a><\/p>\n<p><a href=\"https:\/\/fundacjaskrzypce.pl\/konkurspulawy\/wp-content\/uploads\/sites\/6\/2021\/04\/STANIENDA-JAN-ang.pdf\">Jan Stanienda \u2013 Warsaw<\/a><\/p>\n<p><a href=\"https:\/\/fundacjaskrzypce.pl\/konkurspulawy\/wp-content\/uploads\/sites\/6\/2021\/04\/TOMASIK-S\u0142awomir-ang.pdf\">S\u0142awomir Tomasik \u2013 Warsaw \u2013 Chairman of the Jury<\/a><\/p>\n<p><a href=\"https:\/\/fundacjaskrzypce.pl\/konkurspulawy\/wp-content\/uploads\/sites\/6\/2021\/04\/Wawrowski-Janusz-ang.pdf\">Janusz Wawrowski\u00a0&#8211; Warsaw<\/a><\/p>\n<p><strong>\u00a0<\/strong><\/p>\n<p style=\"text-align: center\"><strong>ORGANIZATOR:<\/strong><\/p>\n<p style=\"text-align: center\"><strong>Fundacja SKRZYPCE im. Tadeusza Wro\u0144skiego<\/strong><\/p>\n<p style=\"text-align: center\"><a href=\"mailto:wronski.fundacja.skrzypce@gmail.com\">wronski.fundacja.skrzypce@gmail.com<\/a><\/p>\n<p style=\"text-align: center\"><a href=\"https:\/\/fundacjaskrzypce.pl\/konkurspulawy\/wp-content\/uploads\/sites\/6\/2021\/04\/TOMASIK-S\u0142awomir-ang.pdf\">Director of the Competition \u2013 S\u0142awomir Tomasik<\/a><\/p>\n<p style=\"text-align: center\">Secretary of the Competition: Agnieszka Matraszek<\/p>\n<p style=\"text-align: center\"><a href=\"https:\/\/fundacjaskrzypce.pl\/konkurspulawy\/wp-content\/uploads\/sites\/6\/2021\/04\/plakat.jpg\"><img loading=\"lazy\" decoding=\"async\" class=\"aligncenter size-full wp-image-376\" src=\"https:\/\/fundacjaskrzypce.pl\/konkurspulawy\/wp-content\/uploads\/sites\/6\/2021\/04\/plakat.jpg\" alt=\"\" width=\"2048\" height=\"1448\" srcset=\"https:\/\/fundacjaskrzypce.pl\/konkurspulawy\/wp-content\/uploads\/sites\/6\/2021\/04\/plakat.jpg 2048w, https:\/\/fundacjaskrzypce.pl\/konkurspulawy\/wp-content\/uploads\/sites\/6\/2021\/04\/plakat-300x212.jpg 300w, https:\/\/fundacjaskrzypce.pl\/konkurspulawy\/wp-content\/uploads\/sites\/6\/2021\/04\/plakat-768x543.jpg 768w, https:\/\/fundacjaskrzypce.pl\/konkurspulawy\/wp-content\/uploads\/sites\/6\/2021\/04\/plakat-1024x724.jpg 1024w\" sizes=\"(max-width: 2048px) 100vw, 2048px\" \/><\/a><\/p>\n<p style=\"text-align: justify\">\u00a0\u201e<strong><em>Dofinansowano ze \u015brodk\u00f3w Ministra Kultury, Dziedzictwa Narodowego i Sportu pochodz\u0105cych z Funduszu Promocji Kultury, uzyskanych z dop\u0142at ustanowionych w grach obj\u0119tych monopolem pa\u0144stwa, zgodnie z art. 80 ust. 1\u00a0 ustawy z dnia 19 listopada 2009 r. o grach hazardowych\u201d\u00a0<\/em><\/strong><\/p>\n<p style=\"text-align: justify\"><img loading=\"lazy\" decoding=\"async\" class=\"aligncenter size-full wp-image-340\" src=\"https:\/\/fundacjaskrzypce.pl\/konkurspulawy\/wp-content\/uploads\/sites\/6\/2021\/04\/spon-1.jpg\" alt=\"\" width=\"1412\" height=\"600\" srcset=\"https:\/\/fundacjaskrzypce.pl\/konkurspulawy\/wp-content\/uploads\/sites\/6\/2021\/04\/spon-1.jpg 1412w, https:\/\/fundacjaskrzypce.pl\/konkurspulawy\/wp-content\/uploads\/sites\/6\/2021\/04\/spon-1-300x127.jpg 300w, https:\/\/fundacjaskrzypce.pl\/konkurspulawy\/wp-content\/uploads\/sites\/6\/2021\/04\/spon-1-768x326.jpg 768w, https:\/\/fundacjaskrzypce.pl\/konkurspulawy\/wp-content\/uploads\/sites\/6\/2021\/04\/spon-1-1024x435.jpg 1024w\" sizes=\"(max-width: 1412px) 100vw, 1412px\" \/><\/p>\n<p><a href=\"https:\/\/pulawy.grupaazoty.com\/\"><img loading=\"lazy\" decoding=\"async\" class=\"alignleft wp-image-496\" src=\"https:\/\/fundacjaskrzypce.pl\/kurspulawy\/wp-content\/uploads\/sites\/5\/2021\/04\/azoty.jpg\" alt=\"\" width=\"100\" height=\"100\" \/><\/a> <img loading=\"lazy\" decoding=\"async\" class=\"wp-image-497 alignleft\" src=\"https:\/\/fundacjaskrzypce.pl\/kurspulawy\/wp-content\/uploads\/sites\/5\/2021\/04\/stoart.jpg\" alt=\"\" width=\"100\" height=\"93\" \/><\/p>\n<p><img loading=\"lazy\" decoding=\"async\" class=\"wp-image-377 alignleft\" src=\"https:\/\/fundacjaskrzypce.pl\/konkurspulawy\/wp-content\/uploads\/sites\/6\/2021\/04\/szkola.jpg\" alt=\"\" width=\"100\" height=\"100\" srcset=\"https:\/\/fundacjaskrzypce.pl\/konkurspulawy\/wp-content\/uploads\/sites\/6\/2021\/04\/szkola.jpg 164w, https:\/\/fundacjaskrzypce.pl\/konkurspulawy\/wp-content\/uploads\/sites\/6\/2021\/04\/szkola-150x150.jpg 150w, https:\/\/fundacjaskrzypce.pl\/konkurspulawy\/wp-content\/uploads\/sites\/6\/2021\/04\/szkola-100x100.jpg 100w\" sizes=\"(max-width: 100px) 100vw, 100px\" \/><\/p>\n<p><a href=\"https:\/\/www.artal.co\/\"><img loading=\"lazy\" decoding=\"async\" class=\"alignleft wp-image-392\" src=\"https:\/\/fundacjaskrzypce.pl\/konkurspulawy\/wp-content\/uploads\/sites\/6\/2021\/04\/artal.jpg\" alt=\"\" width=\"198\" height=\"100\" srcset=\"https:\/\/fundacjaskrzypce.pl\/konkurspulawy\/wp-content\/uploads\/sites\/6\/2021\/04\/artal.jpg 712w, https:\/\/fundacjaskrzypce.pl\/konkurspulawy\/wp-content\/uploads\/sites\/6\/2021\/04\/artal-300x151.jpg 300w\" sizes=\"(max-width: 198px) 100vw, 198px\" \/><\/a><\/p>\n<p>&nbsp;<\/p>\n<p>&nbsp;<\/p>\n<p style=\"text-align: center\">\u00a0\u00a0<strong><u>Photo Galery:<\/u><\/strong><\/p>\n","protected":false},"excerpt":{"rendered":"<p>Concert on-line The Tadeusz Wro\u0144ski Foundation for Violin announces The 6TH\u00a0International Pulawy &amp; the Violin Competition. This Competition is opened for violinist from all countries. The Competition hearings and the winner ceremony will be held on August 12-14 and will take place in Concert Halls of the Pulawy Culture Center \u201cChemist\u201d. In this event the [&hellip;]<\/p>\n","protected":false},"author":1,"featured_media":0,"parent":0,"menu_order":0,"comment_status":"closed","ping_status":"closed","template":"","meta":{"_et_pb_use_builder":"","_et_pb_old_content":"","_et_gb_content_width":"","ngg_post_thumbnail":0,"footnotes":""},"class_list":["post-342","page","type-page","status-publish","hentry"],"_links":{"self":[{"href":"https:\/\/fundacjaskrzypce.pl\/konkurspulawy\/wp-json\/wp\/v2\/pages\/342"}],"collection":[{"href":"https:\/\/fundacjaskrzypce.pl\/konkurspulawy\/wp-json\/wp\/v2\/pages"}],"about":[{"href":"https:\/\/fundacjaskrzypce.pl\/konkurspulawy\/wp-json\/wp\/v2\/types\/page"}],"author":[{"embeddable":true,"href":"https:\/\/fundacjaskrzypce.pl\/konkurspulawy\/wp-json\/wp\/v2\/users\/1"}],"replies":[{"embeddable":true,"href":"https:\/\/fundacjaskrzypce.pl\/konkurspulawy\/wp-json\/wp\/v2\/comments?post=342"}],"version-history":[{"count":18,"href":"https:\/\/fundacjaskrzypce.pl\/konkurspulawy\/wp-json\/wp\/v2\/pages\/342\/revisions"}],"predecessor-version":[{"id":407,"href":"https:\/\/fundacjaskrzypce.pl\/konkurspulawy\/wp-json\/wp\/v2\/pages\/342\/revisions\/407"}],"wp:attachment":[{"href":"https:\/\/fundacjaskrzypce.pl\/konkurspulawy\/wp-json\/wp\/v2\/media?parent=342"}],"curies":[{"name":"wp","href":"https:\/\/api.w.org\/{rel}","templated":true}]}}